{"id":47502,"date":"2023-08-21T14:27:43","date_gmt":"2023-08-21T12:27:43","guid":{"rendered":"https:\/\/shivaplus.com\/?post_type=product&#038;p=47502"},"modified":"2023-08-21T14:27:43","modified_gmt":"2023-08-21T12:27:43","slug":"ventilateur-binatone-a-1687r-3-vitesses-avec-telecommande-noir-06-mois","status":"publish","type":"product","link":"https:\/\/shivaplus.com\/index.php\/produit\/ventilateur-binatone-a-1687r-3-vitesses-avec-telecommande-noir-06-mois\/","title":{"rendered":"Ventilateur &#8211; Binatone &#8211; A-1687R -3 vitesses &#8211; Avec T\u00e9l\u00e9commande -Noir &#8211; 06 Mois"},"content":{"rendered":"<p>Rendez les journ\u00e9es chaudes plus confortables \u00e0 la maison avec le ventilateur sur pied t\u00e9l\u00e9command\u00e9 de Binatone. Cet appareil puissant combine un fonctionnement automatique automatique et un fort mouvement d&rsquo;air pour vous pour vous garder au frais tout au long de la saison. \u00a0<strong>ventilateur sur pied<\/strong>\u00a0\u00e9l\u00e9gant et robuste est \u00a0simple \u00e0 utiliser gr\u00e2ce \u00e0 ses\u00a0<strong>3 boutons de vitesse<\/strong>.<\/p>\n","protected":false},"excerpt":{"rendered":"<p>Rendez les journ\u00e9es chaudes plus confortables \u00e0 la maison avec le ventilateur sur pied t\u00e9l\u00e9command\u00e9 de Binatone. Cet appareil puissant combine un fonctionnement automatique automatique et un fort mouvement d&rsquo;air pour vous pour vous garder au frais tout au long de la saison. \u00a0ventilateur sur pied\u00a0\u00e9l\u00e9gant et robuste est \u00a0simple \u00e0 utiliser gr\u00e2ce \u00e0 ses\u00a03 [&hellip;]<\/p>\n","protected":false},"featured_media":47503,"comment_status":"open","ping_status":"closed","template":"","meta":[],"product_cat":[149],"product_tag":[],"_links":{"self":[{"href":"https:\/\/shivaplus.com\/index.php\/wp-json\/wp\/v2\/product\/47502"}],"collection":[{"href":"https:\/\/shivaplus.com\/index.php\/wp-json\/wp\/v2\/product"}],"about":[{"href":"https:\/\/shivaplus.com\/index.php\/wp-json\/wp\/v2\/types\/product"}],"replies":[{"embeddable":true,"href":"https:\/\/shivaplus.com\/index.php\/wp-json\/wp\/v2\/comments?post=47502"}],"version-history":[{"count":1,"href":"https:\/\/shivaplus.com\/index.php\/wp-json\/wp\/v2\/product\/47502\/revisions"}],"predecessor-version":[{"id":47504,"href":"https:\/\/shivaplus.com\/index.php\/wp-json\/wp\/v2\/product\/47502\/revisions\/47504"}],"wp:featuredmedia":[{"embeddable":true,"href":"https:\/\/shivaplus.com\/index.php\/wp-json\/wp\/v2\/media\/47503"}],"wp:attachment":[{"href":"https:\/\/shivaplus.com\/index.php\/wp-json\/wp\/v2\/media?parent=47502"}],"wp:term":[{"taxonomy":"product_cat","embeddable":true,"href":"https:\/\/shivaplus.com\/index.php\/wp-json\/wp\/v2\/product_cat?post=47502"},{"taxonomy":"product_tag","embeddable":true,"href":"https:\/\/shivaplus.com\/index.php\/wp-json\/wp\/v2\/product_tag?post=47502"}],"curies":[{"name":"wp","href":"https:\/\/api.w.org\/{rel}","templated":true}]}}