{"id":47499,"date":"2023-08-21T14:23:07","date_gmt":"2023-08-21T12:23:07","guid":{"rendered":"https:\/\/shivaplus.com\/?post_type=product&#038;p=47499"},"modified":"2023-08-21T14:23:07","modified_gmt":"2023-08-21T12:23:07","slug":"ventilateur-binatone-16-orbit-silencieux-et-aere-obf-1650","status":"publish","type":"product","link":"https:\/\/shivaplus.com\/index.php\/produit\/ventilateur-binatone-16-orbit-silencieux-et-aere-obf-1650\/","title":{"rendered":"Ventilateur Binatone 16 Orbit, silencieux et A\u00e9r\u00e9, OBF-1650"},"content":{"rendered":"<ul>\n<li>Moteur \u00e0 courant continu \u00e0 \u00e9conomie d\u2019\u00e9nergie<\/li>\n<li>Rotation \u00e0 360 degr\u00e9s<\/li>\n<li>Lame haute efficacit\u00e9<\/li>\n<li>Fonctionnement silencieux<\/li>\n<li>Contr\u00f4le de vitesse sans paliers<\/li>\n<li>Puissance 35W<\/li>\n<li>AC230V 50HZ<\/li>\n<\/ul>\n","protected":false},"excerpt":{"rendered":"<p>Moteur \u00e0 courant continu \u00e0 \u00e9conomie d\u2019\u00e9nergie Rotation \u00e0 360 degr\u00e9s Lame haute efficacit\u00e9 Fonctionnement silencieux Contr\u00f4le de vitesse sans paliers Puissance 35W AC230V 50HZ<\/p>\n","protected":false},"featured_media":47500,"comment_status":"open","ping_status":"closed","template":"","meta":[],"product_cat":[149],"product_tag":[],"_links":{"self":[{"href":"https:\/\/shivaplus.com\/index.php\/wp-json\/wp\/v2\/product\/47499"}],"collection":[{"href":"https:\/\/shivaplus.com\/index.php\/wp-json\/wp\/v2\/product"}],"about":[{"href":"https:\/\/shivaplus.com\/index.php\/wp-json\/wp\/v2\/types\/product"}],"replies":[{"embeddable":true,"href":"https:\/\/shivaplus.com\/index.php\/wp-json\/wp\/v2\/comments?post=47499"}],"version-history":[{"count":1,"href":"https:\/\/shivaplus.com\/index.php\/wp-json\/wp\/v2\/product\/47499\/revisions"}],"predecessor-version":[{"id":47501,"href":"https:\/\/shivaplus.com\/index.php\/wp-json\/wp\/v2\/product\/47499\/revisions\/47501"}],"wp:featuredmedia":[{"embeddable":true,"href":"https:\/\/shivaplus.com\/index.php\/wp-json\/wp\/v2\/media\/47500"}],"wp:attachment":[{"href":"https:\/\/shivaplus.com\/index.php\/wp-json\/wp\/v2\/media?parent=47499"}],"wp:term":[{"taxonomy":"product_cat","embeddable":true,"href":"https:\/\/shivaplus.com\/index.php\/wp-json\/wp\/v2\/product_cat?post=47499"},{"taxonomy":"product_tag","embeddable":true,"href":"https:\/\/shivaplus.com\/index.php\/wp-json\/wp\/v2\/product_tag?post=47499"}],"curies":[{"name":"wp","href":"https:\/\/api.w.org\/{rel}","templated":true}]}}