{"id":47491,"date":"2023-08-21T13:57:48","date_gmt":"2023-08-21T11:57:48","guid":{"rendered":"https:\/\/shivaplus.com\/?post_type=product&#038;p=47491"},"modified":"2025-08-09T12:41:50","modified_gmt":"2025-08-09T10:41:50","slug":"324l-total-no-frost-upright-congelateur-compresseur-smart-inverter-couleur-blanche","status":"publish","type":"product","link":"https:\/\/shivaplus.com\/index.php\/produit\/324l-total-no-frost-upright-congelateur-compresseur-smart-inverter-couleur-blanche\/","title":{"rendered":"324L LG, Total No Frost Upright Cong\u00e9lateur, compresseur Smart Inverter, couleur blanche"},"content":{"rendered":"<ul class=\"feature-list\">\n<li>Flux d\u2019air multiple<\/li>\n<li>Cong\u00e9lation express<\/li>\n<li>Grande capacit\u00e9<\/li>\n<li>Conception parfaitement ajust\u00e9e pour votre cuisine<\/li>\n<li>\u00c9conome en \u00e9nergie et durable avec le compresseur Smart Inverter\u2122<\/li>\n<\/ul>\n","protected":false},"excerpt":{"rendered":"<p>Flux d\u2019air multiple Cong\u00e9lation express Grande capacit\u00e9 Conception parfaitement ajust\u00e9e pour votre cuisine \u00c9conome en \u00e9nergie et durable avec le compresseur Smart Inverter\u2122<\/p>\n","protected":false},"featured_media":47492,"comment_status":"open","ping_status":"closed","template":"","meta":[],"product_cat":[149],"product_tag":[],"_links":{"self":[{"href":"https:\/\/shivaplus.com\/index.php\/wp-json\/wp\/v2\/product\/47491"}],"collection":[{"href":"https:\/\/shivaplus.com\/index.php\/wp-json\/wp\/v2\/product"}],"about":[{"href":"https:\/\/shivaplus.com\/index.php\/wp-json\/wp\/v2\/types\/product"}],"replies":[{"embeddable":true,"href":"https:\/\/shivaplus.com\/index.php\/wp-json\/wp\/v2\/comments?post=47491"}],"version-history":[{"count":3,"href":"https:\/\/shivaplus.com\/index.php\/wp-json\/wp\/v2\/product\/47491\/revisions"}],"predecessor-version":[{"id":47997,"href":"https:\/\/shivaplus.com\/index.php\/wp-json\/wp\/v2\/product\/47491\/revisions\/47997"}],"wp:featuredmedia":[{"embeddable":true,"href":"https:\/\/shivaplus.com\/index.php\/wp-json\/wp\/v2\/media\/47492"}],"wp:attachment":[{"href":"https:\/\/shivaplus.com\/index.php\/wp-json\/wp\/v2\/media?parent=47491"}],"wp:term":[{"taxonomy":"product_cat","embeddable":true,"href":"https:\/\/shivaplus.com\/index.php\/wp-json\/wp\/v2\/product_cat?post=47491"},{"taxonomy":"product_tag","embeddable":true,"href":"https:\/\/shivaplus.com\/index.php\/wp-json\/wp\/v2\/product_tag?post=47491"}],"curies":[{"name":"wp","href":"https:\/\/api.w.org\/{rel}","templated":true}]}}