{"id":47482,"date":"2023-08-21T13:26:36","date_gmt":"2023-08-21T11:26:36","guid":{"rendered":"https:\/\/shivaplus.com\/?post_type=product&#038;p=47482"},"modified":"2023-08-21T13:26:36","modified_gmt":"2023-08-21T11:26:36","slug":"arche-verticale-lg-gfe41pzgsz-324-litres-econome-en-energie-e-multi-air-flow-acier-brillant","status":"publish","type":"product","link":"https:\/\/shivaplus.com\/index.php\/produit\/arche-verticale-lg-gfe41pzgsz-324-litres-econome-en-energie-e-multi-air-flow-acier-brillant\/","title":{"rendered":"Arche verticale LG GFE41PZGSZ. 324 litres,  \u00e9conome en \u00e9nergie E, Multi-Air Flow\u2122, Acier Brillant"},"content":{"rendered":"<ul class=\"feature-list on\">\n<li>Garantie de 10 ans sur le compresseur Smart Inverter\u2122<\/li>\n<li>Refroidissement homog\u00e8ne avec Multi-Air Flow\u2122<\/li>\n<li>Algorithmes d\u2019apprentissage intelligents et surveillance des appareils via l\u2019application ThinQ\u2122<\/li>\n<li>Int\u00e9gration transparente gr\u00e2ce \u00e0 la construction Zero Clearance\u2122<\/li>\n<li>Mod\u00e8le compatible avec le r\u00e9frig\u00e9rateur GLE51PZGSZ<\/li>\n<\/ul>\n","protected":false},"excerpt":{"rendered":"<p>Garantie de 10 ans sur le compresseur Smart Inverter\u2122 Refroidissement homog\u00e8ne avec Multi-Air Flow\u2122 Algorithmes d\u2019apprentissage intelligents et surveillance des appareils via l\u2019application ThinQ\u2122 Int\u00e9gration transparente gr\u00e2ce \u00e0 la construction Zero Clearance\u2122 Mod\u00e8le compatible avec le r\u00e9frig\u00e9rateur GLE51PZGSZ<\/p>\n","protected":false},"featured_media":47483,"comment_status":"open","ping_status":"closed","template":"","meta":[],"product_cat":[149],"product_tag":[],"_links":{"self":[{"href":"https:\/\/shivaplus.com\/index.php\/wp-json\/wp\/v2\/product\/47482"}],"collection":[{"href":"https:\/\/shivaplus.com\/index.php\/wp-json\/wp\/v2\/product"}],"about":[{"href":"https:\/\/shivaplus.com\/index.php\/wp-json\/wp\/v2\/types\/product"}],"replies":[{"embeddable":true,"href":"https:\/\/shivaplus.com\/index.php\/wp-json\/wp\/v2\/comments?post=47482"}],"version-history":[{"count":1,"href":"https:\/\/shivaplus.com\/index.php\/wp-json\/wp\/v2\/product\/47482\/revisions"}],"predecessor-version":[{"id":47485,"href":"https:\/\/shivaplus.com\/index.php\/wp-json\/wp\/v2\/product\/47482\/revisions\/47485"}],"wp:featuredmedia":[{"embeddable":true,"href":"https:\/\/shivaplus.com\/index.php\/wp-json\/wp\/v2\/media\/47483"}],"wp:attachment":[{"href":"https:\/\/shivaplus.com\/index.php\/wp-json\/wp\/v2\/media?parent=47482"}],"wp:term":[{"taxonomy":"product_cat","embeddable":true,"href":"https:\/\/shivaplus.com\/index.php\/wp-json\/wp\/v2\/product_cat?post=47482"},{"taxonomy":"product_tag","embeddable":true,"href":"https:\/\/shivaplus.com\/index.php\/wp-json\/wp\/v2\/product_tag?post=47482"}],"curies":[{"name":"wp","href":"https:\/\/api.w.org\/{rel}","templated":true}]}}