{"id":47476,"date":"2023-08-21T13:05:11","date_gmt":"2023-08-21T11:05:11","guid":{"rendered":"https:\/\/shivaplus.com\/?post_type=product&#038;p=47476"},"modified":"2025-10-07T21:39:12","modified_gmt":"2025-10-07T19:39:12","slug":"384l-linearcooling-1-porte-refrigerateur-en-acier-inoxydable-finition","status":"publish","type":"product","link":"https:\/\/shivaplus.com\/index.php\/produit\/384l-linearcooling-1-porte-refrigerateur-en-acier-inoxydable-finition\/","title":{"rendered":"384L LG 1 porte r\u00e9frig\u00e9rateur en acier inoxydable finition"},"content":{"rendered":"<ul class=\"feature-list on\">\n<li>Gardez les aliments frais plus longtemps avec LINEARCooling\u2122 &amp; DoorCooling+ \u2122<\/li>\n<li>Fonction de fra\u00eecheur suppl\u00e9mentaire &#8211; Moist Balance Crisper\u2122<\/li>\n<li>386L grande capacit\u00e9<\/li>\n<li>Conception parfaitement ajust\u00e9e pour votre cuisine<\/li>\n<li>\u00c9conome en \u00e9nergie et durable avec le compresseur Smart Inverter\u2122<\/li>\n<\/ul>\n","protected":false},"excerpt":{"rendered":"<p>Gardez les aliments frais plus longtemps avec LINEARCooling\u2122 &amp; DoorCooling+ \u2122 Fonction de fra\u00eecheur suppl\u00e9mentaire &#8211; Moist Balance Crisper\u2122 386L grande capacit\u00e9 Conception parfaitement ajust\u00e9e pour votre cuisine \u00c9conome en \u00e9nergie et durable avec le compresseur Smart Inverter\u2122<\/p>\n","protected":false},"featured_media":47477,"comment_status":"open","ping_status":"closed","template":"","meta":[],"product_cat":[149],"product_tag":[],"_links":{"self":[{"href":"https:\/\/shivaplus.com\/index.php\/wp-json\/wp\/v2\/product\/47476"}],"collection":[{"href":"https:\/\/shivaplus.com\/index.php\/wp-json\/wp\/v2\/product"}],"about":[{"href":"https:\/\/shivaplus.com\/index.php\/wp-json\/wp\/v2\/types\/product"}],"replies":[{"embeddable":true,"href":"https:\/\/shivaplus.com\/index.php\/wp-json\/wp\/v2\/comments?post=47476"}],"version-history":[{"count":2,"href":"https:\/\/shivaplus.com\/index.php\/wp-json\/wp\/v2\/product\/47476\/revisions"}],"predecessor-version":[{"id":47990,"href":"https:\/\/shivaplus.com\/index.php\/wp-json\/wp\/v2\/product\/47476\/revisions\/47990"}],"wp:featuredmedia":[{"embeddable":true,"href":"https:\/\/shivaplus.com\/index.php\/wp-json\/wp\/v2\/media\/47477"}],"wp:attachment":[{"href":"https:\/\/shivaplus.com\/index.php\/wp-json\/wp\/v2\/media?parent=47476"}],"wp:term":[{"taxonomy":"product_cat","embeddable":true,"href":"https:\/\/shivaplus.com\/index.php\/wp-json\/wp\/v2\/product_cat?post=47476"},{"taxonomy":"product_tag","embeddable":true,"href":"https:\/\/shivaplus.com\/index.php\/wp-json\/wp\/v2\/product_tag?post=47476"}],"curies":[{"name":"wp","href":"https:\/\/api.w.org\/{rel}","templated":true}]}}