{"id":47471,"date":"2023-08-21T12:38:54","date_gmt":"2023-08-21T10:38:54","guid":{"rendered":"https:\/\/shivaplus.com\/?post_type=product&#038;p=47471"},"modified":"2023-08-21T12:38:54","modified_gmt":"2023-08-21T10:38:54","slug":"lg-refrigerateur-gc-f689blcz-446-litres","status":"publish","type":"product","link":"https:\/\/shivaplus.com\/index.php\/produit\/lg-refrigerateur-gc-f689blcz-446-litres\/","title":{"rendered":"LG REFRIGERATEUR GC-F689BLCZ 446 Litres"},"content":{"rendered":"<div class=\"field field-name-body field-type-text-with-summary field-label-hidden\">\n<div class=\"field-items\">\n<div class=\"field-item even\">\n<p>-Fontaine \u00e0 eau<\/p>\n<p>-R\u00e9servoir d&rsquo;eau int\u00e9gr\u00e9<\/p>\n<p>-\u00c9clairage int\u00e9rieur \u00e0 DEL Eco<\/p>\n<p>-Contr\u00f4leur d&rsquo;affichage \u00e0 LED<\/p>\n<p>-Hygi\u00e8ne fra\u00eeche +<\/p>\n<p>-Flux d&rsquo;air multiple<\/p>\n<p>-\u00c9tag\u00e8re &#8211; Verre tremp\u00e9<\/p>\n<p>-Machine \u00e0 gla\u00e7ons &#8211; Type Twist<\/p>\n<p>-Aucun syst\u00e8me de refroidissement par gel<br \/>\n-Consommation d&rsquo;\u00e9nergie 292 Kwh \/ an<\/p>\n<p>-Classe \u00e9nerg\u00e9tique 4 \u00e9toiles<\/p>\n<p>-Capacit\u00e9 fra\u00eeche 324 litres<\/p>\n<p>-Capacit\u00e9 congel\u00e9e 122 Lires<\/p>\n<p>-Capacit\u00e9 nette 446 litres<\/p>\n<\/div>\n<\/div>\n<\/div>\n<div class=\"field field-name-field-product field-type-commerce-product-reference field-label-hidden\">\n<form id=\"commerce-cart-add-to-cart-form-1860\" class=\"commerce-add-to-cart commerce-cart-add-to-cart-form-1860 in-stock\" accept-charset=\"UTF-8\" action=\"https:\/\/www.babiken.net\/fr\/refrigerateur-et-ong%C3%A9lateur\/lg-refrigerateur-gc-f689blcz-446-litres-garantie-12-mois\" autocomplete=\"off\" method=\"post\">\n<div>\n<div id=\"edit-line-item-fields\" class=\"form-wrapper form-group\"><\/div>\n<div class=\"form-item form-item-quantity form-type-textfield form-group\"><\/div>\n<\/div>\n<\/form>\n<\/div>\n","protected":false},"excerpt":{"rendered":"<p>-Fontaine \u00e0 eau -R\u00e9servoir d&rsquo;eau int\u00e9gr\u00e9 -\u00c9clairage int\u00e9rieur \u00e0 DEL Eco -Contr\u00f4leur d&rsquo;affichage \u00e0 LED -Hygi\u00e8ne fra\u00eeche + -Flux d&rsquo;air multiple -\u00c9tag\u00e8re &#8211; Verre tremp\u00e9 -Machine \u00e0 gla\u00e7ons &#8211; Type Twist -Aucun syst\u00e8me de refroidissement par gel -Consommation d&rsquo;\u00e9nergie 292 Kwh \/ an -Classe \u00e9nerg\u00e9tique 4 \u00e9toiles -Capacit\u00e9 fra\u00eeche 324 litres -Capacit\u00e9 congel\u00e9e 122 Lires [&hellip;]<\/p>\n","protected":false},"featured_media":47472,"comment_status":"open","ping_status":"closed","template":"","meta":[],"product_cat":[149],"product_tag":[],"_links":{"self":[{"href":"https:\/\/shivaplus.com\/index.php\/wp-json\/wp\/v2\/product\/47471"}],"collection":[{"href":"https:\/\/shivaplus.com\/index.php\/wp-json\/wp\/v2\/product"}],"about":[{"href":"https:\/\/shivaplus.com\/index.php\/wp-json\/wp\/v2\/types\/product"}],"replies":[{"embeddable":true,"href":"https:\/\/shivaplus.com\/index.php\/wp-json\/wp\/v2\/comments?post=47471"}],"version-history":[{"count":1,"href":"https:\/\/shivaplus.com\/index.php\/wp-json\/wp\/v2\/product\/47471\/revisions"}],"predecessor-version":[{"id":47475,"href":"https:\/\/shivaplus.com\/index.php\/wp-json\/wp\/v2\/product\/47471\/revisions\/47475"}],"wp:featuredmedia":[{"embeddable":true,"href":"https:\/\/shivaplus.com\/index.php\/wp-json\/wp\/v2\/media\/47472"}],"wp:attachment":[{"href":"https:\/\/shivaplus.com\/index.php\/wp-json\/wp\/v2\/media?parent=47471"}],"wp:term":[{"taxonomy":"product_cat","embeddable":true,"href":"https:\/\/shivaplus.com\/index.php\/wp-json\/wp\/v2\/product_cat?post=47471"},{"taxonomy":"product_tag","embeddable":true,"href":"https:\/\/shivaplus.com\/index.php\/wp-json\/wp\/v2\/product_tag?post=47471"}],"curies":[{"name":"wp","href":"https:\/\/api.w.org\/{rel}","templated":true}]}}