{"id":47461,"date":"2023-08-21T12:04:35","date_gmt":"2023-08-21T10:04:35","guid":{"rendered":"https:\/\/shivaplus.com\/?post_type=product&#038;p=47461"},"modified":"2023-08-21T12:04:35","modified_gmt":"2023-08-21T10:04:35","slug":"lg-5-bruleurs-a-gaz-cuisiniere-fa415rma","status":"publish","type":"product","link":"https:\/\/shivaplus.com\/index.php\/produit\/lg-5-bruleurs-a-gaz-cuisiniere-fa415rma\/","title":{"rendered":"LG 5 Br\u00fbleurs \u00e0 gaz Cuisini\u00e8re FA415RMA"},"content":{"rendered":"<div class=\"main_pdp__wrapper\">\n<div class=\"container\">\n<div class=\"product-summary clearfix\">\n<h5 class=\"blue sh-blue\">formations cl\u00e9s<\/h5>\n<ul class=\"clearfix nav features\">\n<li><span class=\"human-attr\"><span class=\"w-250 d-inline-flex\"><strong>Nombre de br\u00fbleurs\/plaques de cuisson :<\/strong><\/span><span class=\"h-content ms-1\">5<\/span><\/span><\/li>\n<li><span class=\"human-attr\"><span class=\"w-250 d-inline-flex\"><strong>Couleur:<\/strong><\/span><span class=\"h-content ms-1\">Argent<\/span><\/span><\/li>\n<li><span class=\"human-attr\"><span class=\"w-250 d-inline-flex\"><strong>Apport d\u2019\u00e9nergie :<\/strong><\/span><span class=\"h-content ms-1\">Gaz<\/span><\/span><\/li>\n<li><span class=\"human-attr\"><span class=\"w-250 d-inline-flex\"><strong>Prise en charge de Pan :<\/strong><\/span><span class=\"h-content ms-1\">Fonte<\/span><\/span><\/li>\n<li><span class=\"human-attr\"><span class=\"w-250 d-inline-flex\"><strong>Int\u00e9gr\u00e9 \/ Autonome:<\/strong><\/span><span class=\"h-content ms-1\">Autonome<\/span><\/span><\/li>\n<li><span class=\"human-attr\"><span class=\"w-250 d-inline-flex\"><strong>Dimensions (H x L x P):<\/strong><\/span><span class=\"h-content ms-1\">769 x 895 x 600 mm<\/span><\/span><\/li>\n<\/ul>\n<\/div>\n<div class=\"text-center view-full__details\"><button class=\"btn btn-secondary w-100\">VOIR TOUS LES D\u00c9TAILS<\/button><\/div>\n<\/div>\n<\/div>\n<div class=\"main_pdp__wrapper\">\n<div class=\"container\"><\/div>\n<\/div>\n","protected":false},"excerpt":{"rendered":"<p>formations cl\u00e9s Nombre de br\u00fbleurs\/plaques de cuisson :5 Couleur:Argent Apport d\u2019\u00e9nergie :Gaz Prise en charge de Pan :Fonte Int\u00e9gr\u00e9 \/ Autonome:Autonome Dimensions (H x L x P):769 x 895 x 600 mm VOIR TOUS LES D\u00c9TAILS<\/p>\n","protected":false},"featured_media":47462,"comment_status":"open","ping_status":"closed","template":"","meta":[],"product_cat":[155],"product_tag":[],"_links":{"self":[{"href":"https:\/\/shivaplus.com\/index.php\/wp-json\/wp\/v2\/product\/47461"}],"collection":[{"href":"https:\/\/shivaplus.com\/index.php\/wp-json\/wp\/v2\/product"}],"about":[{"href":"https:\/\/shivaplus.com\/index.php\/wp-json\/wp\/v2\/types\/product"}],"replies":[{"embeddable":true,"href":"https:\/\/shivaplus.com\/index.php\/wp-json\/wp\/v2\/comments?post=47461"}],"version-history":[{"count":2,"href":"https:\/\/shivaplus.com\/index.php\/wp-json\/wp\/v2\/product\/47461\/revisions"}],"predecessor-version":[{"id":47465,"href":"https:\/\/shivaplus.com\/index.php\/wp-json\/wp\/v2\/product\/47461\/revisions\/47465"}],"wp:featuredmedia":[{"embeddable":true,"href":"https:\/\/shivaplus.com\/index.php\/wp-json\/wp\/v2\/media\/47462"}],"wp:attachment":[{"href":"https:\/\/shivaplus.com\/index.php\/wp-json\/wp\/v2\/media?parent=47461"}],"wp:term":[{"taxonomy":"product_cat","embeddable":true,"href":"https:\/\/shivaplus.com\/index.php\/wp-json\/wp\/v2\/product_cat?post=47461"},{"taxonomy":"product_tag","embeddable":true,"href":"https:\/\/shivaplus.com\/index.php\/wp-json\/wp\/v2\/product_tag?post=47461"}],"curies":[{"name":"wp","href":"https:\/\/api.w.org\/{rel}","templated":true}]}}