{"id":47456,"date":"2023-08-21T11:49:22","date_gmt":"2023-08-21T09:49:22","guid":{"rendered":"https:\/\/shivaplus.com\/?post_type=product&#038;p=47456"},"modified":"2023-08-21T11:49:22","modified_gmt":"2023-08-21T09:49:22","slug":"lg-sh7q-5-1ch-barre-de-son-avec-dts-virtualx-synergie-avec-lg-tv-connectivite-bluetooth","status":"publish","type":"product","link":"https:\/\/shivaplus.com\/index.php\/produit\/lg-sh7q-5-1ch-barre-de-son-avec-dts-virtualx-synergie-avec-lg-tv-connectivite-bluetooth\/","title":{"rendered":"LG SH7Q 5.1ch Barre de son avec DTS Virtual:X, Synergie avec LG TV, connectivit\u00e9 Bluetooth"},"content":{"rendered":"<ul class=\"feature-list\">\n<li>[Son puissant 5.1 canaux immersif] Audio 5.1 canaux avec une puissance de 800 W<\/li>\n<li>[Solutions sonores haut de gamme] Exp\u00e9rience avec les solutions DTS Virtual:X.<\/li>\n<li>[Meilleur match pour les t\u00e9l\u00e9viseurs LG] Les barres de son LG sont con\u00e7ues pour am\u00e9liorer de mani\u00e8re transparente les performances des t\u00e9l\u00e9viseurs LG et con\u00e7ues pour correspondre aux t\u00e9l\u00e9viseurs LG. Contr\u00f4lez la barre de son avec la t\u00e9l\u00e9commande LG TV et g\u00e9n\u00e9rez un son de haute qualit\u00e9 gr\u00e2ce au moteur audio de LG TV.<\/li>\n<\/ul>\n","protected":false},"excerpt":{"rendered":"<p>[Son puissant 5.1 canaux immersif] Audio 5.1 canaux avec une puissance de 800 W [Solutions sonores haut de gamme] Exp\u00e9rience avec les solutions DTS Virtual:X. [Meilleur match pour les t\u00e9l\u00e9viseurs LG] Les barres de son LG sont con\u00e7ues pour am\u00e9liorer de mani\u00e8re transparente les performances des t\u00e9l\u00e9viseurs LG et con\u00e7ues pour correspondre aux t\u00e9l\u00e9viseurs LG. [&hellip;]<\/p>\n","protected":false},"featured_media":47457,"comment_status":"open","ping_status":"closed","template":"","meta":[],"product_cat":[149],"product_tag":[],"_links":{"self":[{"href":"https:\/\/shivaplus.com\/index.php\/wp-json\/wp\/v2\/product\/47456"}],"collection":[{"href":"https:\/\/shivaplus.com\/index.php\/wp-json\/wp\/v2\/product"}],"about":[{"href":"https:\/\/shivaplus.com\/index.php\/wp-json\/wp\/v2\/types\/product"}],"replies":[{"embeddable":true,"href":"https:\/\/shivaplus.com\/index.php\/wp-json\/wp\/v2\/comments?post=47456"}],"version-history":[{"count":1,"href":"https:\/\/shivaplus.com\/index.php\/wp-json\/wp\/v2\/product\/47456\/revisions"}],"predecessor-version":[{"id":47460,"href":"https:\/\/shivaplus.com\/index.php\/wp-json\/wp\/v2\/product\/47456\/revisions\/47460"}],"wp:featuredmedia":[{"embeddable":true,"href":"https:\/\/shivaplus.com\/index.php\/wp-json\/wp\/v2\/media\/47457"}],"wp:attachment":[{"href":"https:\/\/shivaplus.com\/index.php\/wp-json\/wp\/v2\/media?parent=47456"}],"wp:term":[{"taxonomy":"product_cat","embeddable":true,"href":"https:\/\/shivaplus.com\/index.php\/wp-json\/wp\/v2\/product_cat?post=47456"},{"taxonomy":"product_tag","embeddable":true,"href":"https:\/\/shivaplus.com\/index.php\/wp-json\/wp\/v2\/product_tag?post=47456"}],"curies":[{"name":"wp","href":"https:\/\/api.w.org\/{rel}","templated":true}]}}