{"id":47449,"date":"2023-08-18T15:50:12","date_gmt":"2023-08-18T13:50:12","guid":{"rendered":"https:\/\/shivaplus.com\/?post_type=product&#038;p=47449"},"modified":"2023-08-18T15:50:12","modified_gmt":"2023-08-18T13:50:12","slug":"lg-xboom-xl5s-enceinte-bluetooth-portable","status":"publish","type":"product","link":"https:\/\/shivaplus.com\/index.php\/produit\/lg-xboom-xl5s-enceinte-bluetooth-portable\/","title":{"rendered":"LG XBOOM XL5s &#8211; Enceinte Bluetooth Portable"},"content":{"rendered":"<p>La LG XBOOM XL5s est une enceinte Bluetooth puissante et polyvalente, con\u00e7ue pour animer vos soir\u00e9es entre amis ou en famille. Gr\u00e2ce \u00e0 ses nombreuses fonctionnalit\u00e9s, elle offre une exp\u00e9rience audiovisuelle immersive et festive. Cet article mettra en lumi\u00e8re les points forts de cette enceinte.<\/p>\n<p>L&rsquo;enceinte LG XBOOM XL5s d\u00e9livre une puissance impressionnante de 200 W, gr\u00e2ce \u00e0 son syst\u00e8me d&rsquo;amplification int\u00e9gr\u00e9. Elle est \u00e9quip\u00e9e de trois haut-parleurs : un m\u00e9dium\/grave de 16,5 cm et deux tweeters \u00e0 d\u00f4me de 6,35 cm chacun. L&rsquo;autonomie de 12 heures permet de profiter de vos soir\u00e9es sans interruption. De plus, elle est facilement transportable gr\u00e2ce \u00e0 sa poign\u00e9e sur la face sup\u00e9rieure.<\/p>\n","protected":false},"excerpt":{"rendered":"<p>La LG XBOOM XL5s est une enceinte Bluetooth puissante et polyvalente, con\u00e7ue pour animer vos soir\u00e9es entre amis ou en famille. Gr\u00e2ce \u00e0 ses nombreuses fonctionnalit\u00e9s, elle offre une exp\u00e9rience audiovisuelle immersive et festive. Cet article mettra en lumi\u00e8re les points forts de cette enceinte. L&rsquo;enceinte LG XBOOM XL5s d\u00e9livre une puissance impressionnante de 200 [&hellip;]<\/p>\n","protected":false},"featured_media":47450,"comment_status":"open","ping_status":"closed","template":"","meta":[],"product_cat":[152,149],"product_tag":[],"_links":{"self":[{"href":"https:\/\/shivaplus.com\/index.php\/wp-json\/wp\/v2\/product\/47449"}],"collection":[{"href":"https:\/\/shivaplus.com\/index.php\/wp-json\/wp\/v2\/product"}],"about":[{"href":"https:\/\/shivaplus.com\/index.php\/wp-json\/wp\/v2\/types\/product"}],"replies":[{"embeddable":true,"href":"https:\/\/shivaplus.com\/index.php\/wp-json\/wp\/v2\/comments?post=47449"}],"version-history":[{"count":1,"href":"https:\/\/shivaplus.com\/index.php\/wp-json\/wp\/v2\/product\/47449\/revisions"}],"predecessor-version":[{"id":47454,"href":"https:\/\/shivaplus.com\/index.php\/wp-json\/wp\/v2\/product\/47449\/revisions\/47454"}],"wp:featuredmedia":[{"embeddable":true,"href":"https:\/\/shivaplus.com\/index.php\/wp-json\/wp\/v2\/media\/47450"}],"wp:attachment":[{"href":"https:\/\/shivaplus.com\/index.php\/wp-json\/wp\/v2\/media?parent=47449"}],"wp:term":[{"taxonomy":"product_cat","embeddable":true,"href":"https:\/\/shivaplus.com\/index.php\/wp-json\/wp\/v2\/product_cat?post=47449"},{"taxonomy":"product_tag","embeddable":true,"href":"https:\/\/shivaplus.com\/index.php\/wp-json\/wp\/v2\/product_tag?post=47449"}],"curies":[{"name":"wp","href":"https:\/\/api.w.org\/{rel}","templated":true}]}}