{"id":47441,"date":"2023-08-18T15:27:30","date_gmt":"2023-08-18T13:27:30","guid":{"rendered":"https:\/\/shivaplus.com\/?post_type=product&#038;p=47441"},"modified":"2023-08-18T15:27:30","modified_gmt":"2023-08-18T13:27:30","slug":"rond-deluxe-roll-top-chafer-6l","status":"publish","type":"product","link":"https:\/\/shivaplus.com\/index.php\/produit\/rond-deluxe-roll-top-chafer-6l\/","title":{"rendered":"Rond Deluxe Roll Top Chafer 6L"},"content":{"rendered":"<p><span>Les bo\u00eetes \u00e0 frottement en acier inoxydable GenWare sont disponibles dans une vari\u00e9t\u00e9 de mod\u00e8les et de tailles. Ces chauffe-buffet brillants sont un excellent moyen de chauffer les aliments sur de longues p\u00e9riodes.<\/span><\/p>\n<ul>\n<li>Plat de frottement de qualit\u00e9 sup\u00e9rieure<\/li>\n<li>Le hanneton peut \u00eatre chauff\u00e9 avec du combustible de frottement<\/li>\n<li>Id\u00e9al pour le service de restauration chaude et les buffets<\/li>\n<li>La construction en acier inoxydable de haute qualit\u00e9 offre une bonne r\u00e9sistance aux taches et maintient une excellente finition<\/li>\n<\/ul>\n","protected":false},"excerpt":{"rendered":"<p>Les bo\u00eetes \u00e0 frottement en acier inoxydable GenWare sont disponibles dans une vari\u00e9t\u00e9 de mod\u00e8les et de tailles. Ces chauffe-buffet brillants sont un excellent moyen de chauffer les aliments sur de longues p\u00e9riodes. Plat de frottement de qualit\u00e9 sup\u00e9rieure Le hanneton peut \u00eatre chauff\u00e9 avec du combustible de frottement Id\u00e9al pour le service de restauration [&hellip;]<\/p>\n","protected":false},"featured_media":47442,"comment_status":"open","ping_status":"closed","template":"","meta":[],"product_cat":[149],"product_tag":[],"_links":{"self":[{"href":"https:\/\/shivaplus.com\/index.php\/wp-json\/wp\/v2\/product\/47441"}],"collection":[{"href":"https:\/\/shivaplus.com\/index.php\/wp-json\/wp\/v2\/product"}],"about":[{"href":"https:\/\/shivaplus.com\/index.php\/wp-json\/wp\/v2\/types\/product"}],"replies":[{"embeddable":true,"href":"https:\/\/shivaplus.com\/index.php\/wp-json\/wp\/v2\/comments?post=47441"}],"version-history":[{"count":1,"href":"https:\/\/shivaplus.com\/index.php\/wp-json\/wp\/v2\/product\/47441\/revisions"}],"predecessor-version":[{"id":47443,"href":"https:\/\/shivaplus.com\/index.php\/wp-json\/wp\/v2\/product\/47441\/revisions\/47443"}],"wp:featuredmedia":[{"embeddable":true,"href":"https:\/\/shivaplus.com\/index.php\/wp-json\/wp\/v2\/media\/47442"}],"wp:attachment":[{"href":"https:\/\/shivaplus.com\/index.php\/wp-json\/wp\/v2\/media?parent=47441"}],"wp:term":[{"taxonomy":"product_cat","embeddable":true,"href":"https:\/\/shivaplus.com\/index.php\/wp-json\/wp\/v2\/product_cat?post=47441"},{"taxonomy":"product_tag","embeddable":true,"href":"https:\/\/shivaplus.com\/index.php\/wp-json\/wp\/v2\/product_tag?post=47441"}],"curies":[{"name":"wp","href":"https:\/\/api.w.org\/{rel}","templated":true}]}}