{"id":47437,"date":"2023-08-18T15:17:51","date_gmt":"2023-08-18T13:17:51","guid":{"rendered":"https:\/\/shivaplus.com\/?post_type=product&#038;p=47437"},"modified":"2023-08-18T15:17:52","modified_gmt":"2023-08-18T13:17:52","slug":"lg-lhd457-home-cinema-5-1-canaux-330w-grand-garcon-bluetooth","status":"publish","type":"product","link":"https:\/\/shivaplus.com\/index.php\/produit\/lg-lhd457-home-cinema-5-1-canaux-330w-grand-garcon-bluetooth\/","title":{"rendered":"LG LHD457 Home Cin\u00e9ma \u2013 5.1 canaux, 330W, grand gar\u00e7on, Bluetooth"},"content":{"rendered":"<div class=\"product-features\">\n<p>LG LHD457 Home Cin\u00e9ma \u2013 5.1 Channel, 330W, Tall Boy, Bluetooth Caract\u00e9ristiques<\/p>\n<ul>\n<li>5.1 Canal Real Surround Sound<\/li>\n<li>Puissance de sortie &#8211; 330W<\/li>\n<li>Verrouillage parental<\/li>\n<li>M\u00e9moire de la derni\u00e8re sc\u00e8ne<\/li>\n<li>Son de basse puissant<\/li>\n<li>Streaming audio Bluetooth sans fil<\/li>\n<li>Enregistrement direct USB<\/li>\n<li>1 port USB<\/li>\n<li>Contr\u00f4le de plage dynamique \u2013 Marche\/Arr\u00eat<\/li>\n<li>D\u00e9lai de synchronisation A\/V (retard audio)<\/li>\n<li>R\/Panel \u2013 Antenne radio \u2013 FM<\/li>\n<li>DVD \u2013 Mise \u00e0 l\u2019\u00e9chelle 1080p<\/li>\n<\/ul>\n<\/div>\n","protected":false},"excerpt":{"rendered":"<p>LG LHD457 Home Cin\u00e9ma \u2013 5.1 Channel, 330W, Tall Boy, Bluetooth Caract\u00e9ristiques 5.1 Canal Real Surround Sound Puissance de sortie &#8211; 330W Verrouillage parental M\u00e9moire de la derni\u00e8re sc\u00e8ne Son de basse puissant Streaming audio Bluetooth sans fil Enregistrement direct USB 1 port USB Contr\u00f4le de plage dynamique \u2013 Marche\/Arr\u00eat D\u00e9lai de synchronisation A\/V (retard [&hellip;]<\/p>\n","protected":false},"featured_media":47438,"comment_status":"open","ping_status":"closed","template":"","meta":[],"product_cat":[152,149],"product_tag":[],"_links":{"self":[{"href":"https:\/\/shivaplus.com\/index.php\/wp-json\/wp\/v2\/product\/47437"}],"collection":[{"href":"https:\/\/shivaplus.com\/index.php\/wp-json\/wp\/v2\/product"}],"about":[{"href":"https:\/\/shivaplus.com\/index.php\/wp-json\/wp\/v2\/types\/product"}],"replies":[{"embeddable":true,"href":"https:\/\/shivaplus.com\/index.php\/wp-json\/wp\/v2\/comments?post=47437"}],"version-history":[{"count":1,"href":"https:\/\/shivaplus.com\/index.php\/wp-json\/wp\/v2\/product\/47437\/revisions"}],"predecessor-version":[{"id":47440,"href":"https:\/\/shivaplus.com\/index.php\/wp-json\/wp\/v2\/product\/47437\/revisions\/47440"}],"wp:featuredmedia":[{"embeddable":true,"href":"https:\/\/shivaplus.com\/index.php\/wp-json\/wp\/v2\/media\/47438"}],"wp:attachment":[{"href":"https:\/\/shivaplus.com\/index.php\/wp-json\/wp\/v2\/media?parent=47437"}],"wp:term":[{"taxonomy":"product_cat","embeddable":true,"href":"https:\/\/shivaplus.com\/index.php\/wp-json\/wp\/v2\/product_cat?post=47437"},{"taxonomy":"product_tag","embeddable":true,"href":"https:\/\/shivaplus.com\/index.php\/wp-json\/wp\/v2\/product_tag?post=47437"}],"curies":[{"name":"wp","href":"https:\/\/api.w.org\/{rel}","templated":true}]}}