{"id":47429,"date":"2023-08-18T14:30:03","date_gmt":"2023-08-18T12:30:03","guid":{"rendered":"https:\/\/shivaplus.com\/?post_type=product&#038;p=47429"},"modified":"2025-08-09T12:44:31","modified_gmt":"2025-08-09T10:44:31","slug":"aspirateur-sec-hitachi-cv950f24-2000w-avec-une-capacite-de-poussiere-de-18l","status":"publish","type":"product","link":"https:\/\/shivaplus.com\/index.php\/produit\/aspirateur-sec-hitachi-cv950f24-2000w-avec-une-capacite-de-poussiere-de-18l\/","title":{"rendered":"Aspirateur sec Hitachi CV950F24 2000W avec une capacit\u00e9 de poussi\u00e8re de 18L"},"content":{"rendered":"<p>Nettoyez votre maison de la salet\u00e9 et de la poussi\u00e8re avec l\u2019aspirateur \u00e0 tambour Hitachi CV950. Con\u00e7u pour \u00e9liminer efficacement la salet\u00e9, l\u2019appareil rend le sol hygi\u00e9nique et impeccable. Il dispose d\u2019une capacit\u00e9 de poussi\u00e8re de 18L avec indicateur de poussi\u00e8re. B\u00e9n\u00e9ficiant d\u2019un puissant moteur de 2100W, l\u2019aspirateur offre des prouesses d\u2019aspiration brillantes qui assurent un nettoyage sans tracas.<\/p>\n","protected":false},"excerpt":{"rendered":"<p>Nettoyez votre maison de la salet\u00e9 et de la poussi\u00e8re avec l\u2019aspirateur \u00e0 tambour Hitachi CV950. Con\u00e7u pour \u00e9liminer efficacement la salet\u00e9, l\u2019appareil rend le sol hygi\u00e9nique et impeccable. Il dispose d\u2019une capacit\u00e9 de poussi\u00e8re de 18L avec indicateur de poussi\u00e8re. B\u00e9n\u00e9ficiant d\u2019un puissant moteur de 2100W, l\u2019aspirateur offre des prouesses d\u2019aspiration brillantes qui assurent [&hellip;]<\/p>\n","protected":false},"featured_media":47430,"comment_status":"open","ping_status":"closed","template":"","meta":[],"product_cat":[155,152],"product_tag":[],"_links":{"self":[{"href":"https:\/\/shivaplus.com\/index.php\/wp-json\/wp\/v2\/product\/47429"}],"collection":[{"href":"https:\/\/shivaplus.com\/index.php\/wp-json\/wp\/v2\/product"}],"about":[{"href":"https:\/\/shivaplus.com\/index.php\/wp-json\/wp\/v2\/types\/product"}],"replies":[{"embeddable":true,"href":"https:\/\/shivaplus.com\/index.php\/wp-json\/wp\/v2\/comments?post=47429"}],"version-history":[{"count":1,"href":"https:\/\/shivaplus.com\/index.php\/wp-json\/wp\/v2\/product\/47429\/revisions"}],"predecessor-version":[{"id":47431,"href":"https:\/\/shivaplus.com\/index.php\/wp-json\/wp\/v2\/product\/47429\/revisions\/47431"}],"wp:featuredmedia":[{"embeddable":true,"href":"https:\/\/shivaplus.com\/index.php\/wp-json\/wp\/v2\/media\/47430"}],"wp:attachment":[{"href":"https:\/\/shivaplus.com\/index.php\/wp-json\/wp\/v2\/media?parent=47429"}],"wp:term":[{"taxonomy":"product_cat","embeddable":true,"href":"https:\/\/shivaplus.com\/index.php\/wp-json\/wp\/v2\/product_cat?post=47429"},{"taxonomy":"product_tag","embeddable":true,"href":"https:\/\/shivaplus.com\/index.php\/wp-json\/wp\/v2\/product_tag?post=47429"}],"curies":[{"name":"wp","href":"https:\/\/api.w.org\/{rel}","templated":true}]}}