{"id":47426,"date":"2023-08-18T14:18:53","date_gmt":"2023-08-18T12:18:53","guid":{"rendered":"https:\/\/shivaplus.com\/?post_type=product&#038;p=47426"},"modified":"2023-08-18T14:18:53","modified_gmt":"2023-08-18T12:18:53","slug":"machine-a-crepes-electrique-sokany-650-watts-noir-sk-5208","status":"publish","type":"product","link":"https:\/\/shivaplus.com\/index.php\/produit\/machine-a-crepes-electrique-sokany-650-watts-noir-sk-5208\/","title":{"rendered":"Machine \u00e0 cr\u00eapes \u00e9lectrique Sokany, 650 watts, noir &#8211; SK-5208"},"content":{"rendered":"<ul>\n<li>Fabricant: Sukany<\/li>\n<li>Type: Cr\u00eape \u00e9lectrique et cr\u00eaperie<\/li>\n<li>Puissance: 650 W<\/li>\n<li>Couleur: Noir<\/li>\n<\/ul>\n","protected":false},"excerpt":{"rendered":"<p>Fabricant: Sukany Type: Cr\u00eape \u00e9lectrique et cr\u00eaperie Puissance: 650 W Couleur: Noir<\/p>\n","protected":false},"featured_media":47427,"comment_status":"open","ping_status":"closed","template":"","meta":[],"product_cat":[155],"product_tag":[],"_links":{"self":[{"href":"https:\/\/shivaplus.com\/index.php\/wp-json\/wp\/v2\/product\/47426"}],"collection":[{"href":"https:\/\/shivaplus.com\/index.php\/wp-json\/wp\/v2\/product"}],"about":[{"href":"https:\/\/shivaplus.com\/index.php\/wp-json\/wp\/v2\/types\/product"}],"replies":[{"embeddable":true,"href":"https:\/\/shivaplus.com\/index.php\/wp-json\/wp\/v2\/comments?post=47426"}],"version-history":[{"count":1,"href":"https:\/\/shivaplus.com\/index.php\/wp-json\/wp\/v2\/product\/47426\/revisions"}],"predecessor-version":[{"id":47428,"href":"https:\/\/shivaplus.com\/index.php\/wp-json\/wp\/v2\/product\/47426\/revisions\/47428"}],"wp:featuredmedia":[{"embeddable":true,"href":"https:\/\/shivaplus.com\/index.php\/wp-json\/wp\/v2\/media\/47427"}],"wp:attachment":[{"href":"https:\/\/shivaplus.com\/index.php\/wp-json\/wp\/v2\/media?parent=47426"}],"wp:term":[{"taxonomy":"product_cat","embeddable":true,"href":"https:\/\/shivaplus.com\/index.php\/wp-json\/wp\/v2\/product_cat?post=47426"},{"taxonomy":"product_tag","embeddable":true,"href":"https:\/\/shivaplus.com\/index.php\/wp-json\/wp\/v2\/product_tag?post=47426"}],"curies":[{"name":"wp","href":"https:\/\/api.w.org\/{rel}","templated":true}]}}