{"id":47419,"date":"2023-08-18T13:27:30","date_gmt":"2023-08-18T11:27:30","guid":{"rendered":"https:\/\/shivaplus.com\/?post_type=product&#038;p=47419"},"modified":"2023-08-18T13:27:30","modified_gmt":"2023-08-18T11:27:30","slug":"lg-mini-composant-bluetooth-karaoke-xboom-ok75","status":"publish","type":"product","link":"https:\/\/shivaplus.com\/index.php\/produit\/lg-mini-composant-bluetooth-karaoke-xboom-ok75\/","title":{"rendered":"LG Mini composant Bluetooth Karaok\u00e9 XBOOM OK75"},"content":{"rendered":"<h2>Syst\u00e8me audio Bluetooth OK75 1000 W<\/h2>\n<p>Profitez des derniers succ\u00e8s musicaux ou des meilleures sc\u00e8nes de vos s\u00e9ries pr\u00e9f\u00e9r\u00e9es avec\u00a0<b>LG<\/b>\u00a0et le\u00a0<b>syst\u00e8me audio Bluetooth exclusif OK75<\/b>. Un syst\u00e8me de son d\u00e9velopp\u00e9 a \u00e9t\u00e9 incorpor\u00e9 pour donner plus d\u2019importance \u00e0 votre setlist. Avec une\u00a0<b>puissance de 1000W<\/b>\u00a0et appuyez simplement sur le bouton Karaoke, vous pouvez faire ressortir l\u2019artiste \u00e0 l\u2019int\u00e9rieur de vous et chanter votre musique pr\u00e9f\u00e9r\u00e9e.<\/p>\n","protected":false},"excerpt":{"rendered":"<p>Syst\u00e8me audio Bluetooth OK75 1000 W Profitez des derniers succ\u00e8s musicaux ou des meilleures sc\u00e8nes de vos s\u00e9ries pr\u00e9f\u00e9r\u00e9es avec\u00a0LG\u00a0et le\u00a0syst\u00e8me audio Bluetooth exclusif OK75. Un syst\u00e8me de son d\u00e9velopp\u00e9 a \u00e9t\u00e9 incorpor\u00e9 pour donner plus d\u2019importance \u00e0 votre setlist. Avec une\u00a0puissance de 1000W\u00a0et appuyez simplement sur le bouton Karaoke, vous pouvez faire ressortir l\u2019artiste [&hellip;]<\/p>\n","protected":false},"featured_media":47420,"comment_status":"open","ping_status":"closed","template":"","meta":[],"product_cat":[152],"product_tag":[],"_links":{"self":[{"href":"https:\/\/shivaplus.com\/index.php\/wp-json\/wp\/v2\/product\/47419"}],"collection":[{"href":"https:\/\/shivaplus.com\/index.php\/wp-json\/wp\/v2\/product"}],"about":[{"href":"https:\/\/shivaplus.com\/index.php\/wp-json\/wp\/v2\/types\/product"}],"replies":[{"embeddable":true,"href":"https:\/\/shivaplus.com\/index.php\/wp-json\/wp\/v2\/comments?post=47419"}],"version-history":[{"count":1,"href":"https:\/\/shivaplus.com\/index.php\/wp-json\/wp\/v2\/product\/47419\/revisions"}],"predecessor-version":[{"id":47421,"href":"https:\/\/shivaplus.com\/index.php\/wp-json\/wp\/v2\/product\/47419\/revisions\/47421"}],"wp:featuredmedia":[{"embeddable":true,"href":"https:\/\/shivaplus.com\/index.php\/wp-json\/wp\/v2\/media\/47420"}],"wp:attachment":[{"href":"https:\/\/shivaplus.com\/index.php\/wp-json\/wp\/v2\/media?parent=47419"}],"wp:term":[{"taxonomy":"product_cat","embeddable":true,"href":"https:\/\/shivaplus.com\/index.php\/wp-json\/wp\/v2\/product_cat?post=47419"},{"taxonomy":"product_tag","embeddable":true,"href":"https:\/\/shivaplus.com\/index.php\/wp-json\/wp\/v2\/product_tag?post=47419"}],"curies":[{"name":"wp","href":"https:\/\/api.w.org\/{rel}","templated":true}]}}