{"id":47414,"date":"2023-08-18T13:14:09","date_gmt":"2023-08-18T11:14:09","guid":{"rendered":"https:\/\/shivaplus.com\/?post_type=product&#038;p=47414"},"modified":"2023-08-18T13:14:09","modified_gmt":"2023-08-18T11:14:09","slug":"dmora-bureau-lineaire-a-trois-tiroirs-couleur-chene-blanc-dimensions-120-x-72-x-48-cm","status":"publish","type":"product","link":"https:\/\/shivaplus.com\/index.php\/produit\/dmora-bureau-lineaire-a-trois-tiroirs-couleur-chene-blanc-dimensions-120-x-72-x-48-cm\/","title":{"rendered":"Dmora Bureau lin\u00e9aire \u00e0 trois tiroirs, couleur ch\u00eane blanc, Dimensions 120 x 72 x 48 cm"},"content":{"rendered":"<ul class=\"a-unordered-list a-vertical a-spacing-mini\">\n<li class=\"a-spacing-mini\"><span class=\"a-list-item\">Bureau lin\u00e9aire pratique et fonctionnel avec trois tiroirs avec guides m\u00e9talliques, en ch\u00eane et couleur blanche<\/span><\/li>\n<li class=\"a-spacing-mini\"><span class=\"a-list-item\">Parfait pour \u00eatre utilis\u00e9 au bureau et \u00e0 la maison comme poste de travail intelligent<\/span><\/li>\n<li class=\"a-spacing-mini\"><span class=\"a-list-item\">Les trois tiroirs vous permettent d&rsquo;avoir toujours \u00e0 port\u00e9e de main tout ce dont vous avez besoin pour travailler et le compartiment qui se cr\u00e9e entre les tiroirs et le plateau du bureau est parfait pour ranger, par exemple, l&rsquo;ordinateur<\/span><\/li>\n<li class=\"a-spacing-mini\"><span class=\"a-list-item\">Sa structure en t\u00f4le lamin\u00e9e garantit qualit\u00e9 et durabilit\u00e9 dans le temps<\/span><\/li>\n<li class=\"a-spacing-mini\"><span class=\"a-list-item\">Mesure 120 x 72 x 48 cm<\/span><\/li>\n<\/ul>\n","protected":false},"excerpt":{"rendered":"<p>Bureau lin\u00e9aire pratique et fonctionnel avec trois tiroirs avec guides m\u00e9talliques, en ch\u00eane et couleur blanche Parfait pour \u00eatre utilis\u00e9 au bureau et \u00e0 la maison comme poste de travail intelligent Les trois tiroirs vous permettent d&rsquo;avoir toujours \u00e0 port\u00e9e de main tout ce dont vous avez besoin pour travailler et le compartiment qui se [&hellip;]<\/p>\n","protected":false},"featured_media":47415,"comment_status":"open","ping_status":"closed","template":"","meta":[],"product_cat":[154],"product_tag":[],"_links":{"self":[{"href":"https:\/\/shivaplus.com\/index.php\/wp-json\/wp\/v2\/product\/47414"}],"collection":[{"href":"https:\/\/shivaplus.com\/index.php\/wp-json\/wp\/v2\/product"}],"about":[{"href":"https:\/\/shivaplus.com\/index.php\/wp-json\/wp\/v2\/types\/product"}],"replies":[{"embeddable":true,"href":"https:\/\/shivaplus.com\/index.php\/wp-json\/wp\/v2\/comments?post=47414"}],"version-history":[{"count":1,"href":"https:\/\/shivaplus.com\/index.php\/wp-json\/wp\/v2\/product\/47414\/revisions"}],"predecessor-version":[{"id":47418,"href":"https:\/\/shivaplus.com\/index.php\/wp-json\/wp\/v2\/product\/47414\/revisions\/47418"}],"wp:featuredmedia":[{"embeddable":true,"href":"https:\/\/shivaplus.com\/index.php\/wp-json\/wp\/v2\/media\/47415"}],"wp:attachment":[{"href":"https:\/\/shivaplus.com\/index.php\/wp-json\/wp\/v2\/media?parent=47414"}],"wp:term":[{"taxonomy":"product_cat","embeddable":true,"href":"https:\/\/shivaplus.com\/index.php\/wp-json\/wp\/v2\/product_cat?post=47414"},{"taxonomy":"product_tag","embeddable":true,"href":"https:\/\/shivaplus.com\/index.php\/wp-json\/wp\/v2\/product_tag?post=47414"}],"curies":[{"name":"wp","href":"https:\/\/api.w.org\/{rel}","templated":true}]}}