{"id":47410,"date":"2023-08-18T12:47:48","date_gmt":"2023-08-18T10:47:48","guid":{"rendered":"https:\/\/shivaplus.com\/?post_type=product&#038;p=47410"},"modified":"2025-08-09T12:47:57","modified_gmt":"2025-08-09T10:47:57","slug":"chaise-royal-de-ceremonie-rouge","status":"publish","type":"product","link":"https:\/\/shivaplus.com\/index.php\/produit\/chaise-royal-de-ceremonie-rouge\/","title":{"rendered":"Chaise Royal De C\u00e9r\u00e9monie Rouge"},"content":{"rendered":"<p>Chaises \u00e9l\u00e9gantes, robustes, confortables et modernes, un\u00a0excellent rapport qualit\u00e9-prix, id\u00e9al pour la\u00a0maison, une\u00a0salle d&rsquo;\u00a0attente, salle de conf\u00e9rence, bar, restaurant, h\u00f4tel.\u00a0Chaises \u00e9v\u00e9nement\u00a0\u00a0pour les\u00a0conf\u00e9rences, r\u00e9unions, banquets, r\u00e9ceptions.\u00a0Si\u00e8ge avec dossier galb\u00e9 avec support lombaire en tissu rouge avec structure en aluminium empilable pour un gain de place optimum.<\/p>\n","protected":false},"excerpt":{"rendered":"<p>Chaises \u00e9l\u00e9gantes, robustes, confortables et modernes, un\u00a0excellent rapport qualit\u00e9-prix, id\u00e9al pour la\u00a0maison, une\u00a0salle d&rsquo;\u00a0attente, salle de conf\u00e9rence, bar, restaurant, h\u00f4tel.\u00a0Chaises \u00e9v\u00e9nement\u00a0\u00a0pour les\u00a0conf\u00e9rences, r\u00e9unions, banquets, r\u00e9ceptions.\u00a0Si\u00e8ge avec dossier galb\u00e9 avec support lombaire en tissu rouge avec structure en aluminium empilable pour un gain de place optimum.<\/p>\n","protected":false},"featured_media":47411,"comment_status":"open","ping_status":"closed","template":"","meta":[],"product_cat":[154],"product_tag":[],"_links":{"self":[{"href":"https:\/\/shivaplus.com\/index.php\/wp-json\/wp\/v2\/product\/47410"}],"collection":[{"href":"https:\/\/shivaplus.com\/index.php\/wp-json\/wp\/v2\/product"}],"about":[{"href":"https:\/\/shivaplus.com\/index.php\/wp-json\/wp\/v2\/types\/product"}],"replies":[{"embeddable":true,"href":"https:\/\/shivaplus.com\/index.php\/wp-json\/wp\/v2\/comments?post=47410"}],"version-history":[{"count":1,"href":"https:\/\/shivaplus.com\/index.php\/wp-json\/wp\/v2\/product\/47410\/revisions"}],"predecessor-version":[{"id":47413,"href":"https:\/\/shivaplus.com\/index.php\/wp-json\/wp\/v2\/product\/47410\/revisions\/47413"}],"wp:featuredmedia":[{"embeddable":true,"href":"https:\/\/shivaplus.com\/index.php\/wp-json\/wp\/v2\/media\/47411"}],"wp:attachment":[{"href":"https:\/\/shivaplus.com\/index.php\/wp-json\/wp\/v2\/media?parent=47410"}],"wp:term":[{"taxonomy":"product_cat","embeddable":true,"href":"https:\/\/shivaplus.com\/index.php\/wp-json\/wp\/v2\/product_cat?post=47410"},{"taxonomy":"product_tag","embeddable":true,"href":"https:\/\/shivaplus.com\/index.php\/wp-json\/wp\/v2\/product_tag?post=47410"}],"curies":[{"name":"wp","href":"https:\/\/api.w.org\/{rel}","templated":true}]}}