{"id":47404,"date":"2023-08-18T12:24:46","date_gmt":"2023-08-18T10:24:46","guid":{"rendered":"https:\/\/shivaplus.com\/?post_type=product&#038;p=47404"},"modified":"2023-08-18T12:24:46","modified_gmt":"2023-08-18T10:24:46","slug":"bruleur-elica-703-ct-vetro-noir","status":"publish","type":"product","link":"https:\/\/shivaplus.com\/index.php\/produit\/bruleur-elica-703-ct-vetro-noir\/","title":{"rendered":"Br\u00fbleur Elica 703 ct vetro noir"},"content":{"rendered":"<p><main id=\"main\" class=\"\"><\/p>\n<div class=\"shop-container\">\n<div id=\"product-7926\" class=\"product type-product post-7926 status-publish first outofstock product_cat-burner-chimney has-post-thumbnail sale purchasable product-type-simple\">\n<div class=\"product-container\">\n<div class=\"product-footer\">\n<div class=\"container\">\n<div class=\"woocommerce-tabs wc-tabs-wrapper container tabbed-content\">\n<div class=\"tab-panels\">\n<div id=\"tab-description\" class=\"woocommerce-Tabs-panel woocommerce-Tabs-panel--description panel entry-content active\" role=\"tabpanel\" aria-labelledby=\"tab-title-description\">\n<p><b>Marque:<\/b>\u00a0\u00c9lica<\/p>\n<p><b>Couleur:<\/b>\u00a0Noir<\/p>\n<p><b>Fonctionnalit\u00e9s:<\/b><\/p>\n<ul>\n<li>Soulign\u00e9 avec un dessus en verre de finition haut de gamme, il offre une texture r\u00e9sistante \u00e0 la rouille tout en offrant des performances durables.<\/li>\n<li>Verre tremp\u00e9 avec garantie de 2 ans, am\u00e9liore l\u2019esth\u00e9tique du po\u00eale tout en assurant la durabilit\u00e9 et la s\u00e9curit\u00e9. et 2 ans de garantie sur le produit aussi.<\/li>\n<li>La plaque de support en acier inoxydable sous le verre conserve sa robustesse et sa durabilit\u00e9<\/li>\n<li>Equip\u00e9 de 3 br\u00fbleurs de taille distincte; 1 Petit &amp; 2 Medium pour vos besoins vari\u00e9s. Cette cuisini\u00e8re \u00e0 gaz \u00e0 commande manuelle est livr\u00e9e avec des boutons \u00e0 commande fluide.<\/li>\n<li>Les supports de grille rev\u00eatus d\u2019euro aident \u00e0 garder vos casseroles et pots stables. Cela rend votre br\u00fbleur plus fiable et garantit qu\u2019il a l\u2019air \u00e0 feuilles persistantes. Remarque: Pour toute assistance, appelez notre service client\u00e8le au 1800 233 0007 (SANS FRAIS).<\/li>\n<\/ul>\n<p><b>Reliure:<\/b>\u00a0Cuisine<\/p>\n<p><b>\u00c9diteur:<\/b>\u00a0\u00c9lica<\/p>\n<p><b>D\u00e9tails:<\/b>\u00a0Entour\u00e9 d\u2019un dessus en verre de finition haut de gamme, il offre une texture r\u00e9sistante \u00e0 la rouille tout en offrant des performances durables. Verre tremp\u00e9 avec garantie de 2 ans, am\u00e9liore l\u2019esth\u00e9tique du po\u00eale tout en &#8230;<\/p>\n<p><b>Dimensions du paquet:<\/b>\u00a030,8 x 20,2 x 6,9 pouces<\/p>\n<\/div>\n<div id=\"tab-pwb_tab\" class=\"woocommerce-Tabs-panel woocommerce-Tabs-panel--pwb_tab panel entry-content \" role=\"tabpanel\" aria-labelledby=\"tab-title-pwb_tab\">\n<h2><\/h2>\n<div id=\"tab-pwb_tab-content\">\n<h3><\/h3>\n<\/div>\n<\/div>\n<\/div>\n<\/div>\n<\/div>\n<\/div>\n<\/div>\n<\/div>\n<\/div>\n<p><\/main><\/p>\n","protected":false},"excerpt":{"rendered":"<p>Marque:\u00a0\u00c9lica Couleur:\u00a0Noir Fonctionnalit\u00e9s: Soulign\u00e9 avec un dessus en verre de finition haut de gamme, il offre une texture r\u00e9sistante \u00e0 la rouille tout en offrant des performances durables. Verre tremp\u00e9 avec garantie de 2 ans, am\u00e9liore l\u2019esth\u00e9tique du po\u00eale tout en assurant la durabilit\u00e9 et la s\u00e9curit\u00e9. et 2 ans de garantie sur le produit [&hellip;]<\/p>\n","protected":false},"featured_media":47405,"comment_status":"open","ping_status":"closed","template":"","meta":[],"product_cat":[149],"product_tag":[],"_links":{"self":[{"href":"https:\/\/shivaplus.com\/index.php\/wp-json\/wp\/v2\/product\/47404"}],"collection":[{"href":"https:\/\/shivaplus.com\/index.php\/wp-json\/wp\/v2\/product"}],"about":[{"href":"https:\/\/shivaplus.com\/index.php\/wp-json\/wp\/v2\/types\/product"}],"replies":[{"embeddable":true,"href":"https:\/\/shivaplus.com\/index.php\/wp-json\/wp\/v2\/comments?post=47404"}],"version-history":[{"count":1,"href":"https:\/\/shivaplus.com\/index.php\/wp-json\/wp\/v2\/product\/47404\/revisions"}],"predecessor-version":[{"id":47409,"href":"https:\/\/shivaplus.com\/index.php\/wp-json\/wp\/v2\/product\/47404\/revisions\/47409"}],"wp:featuredmedia":[{"embeddable":true,"href":"https:\/\/shivaplus.com\/index.php\/wp-json\/wp\/v2\/media\/47405"}],"wp:attachment":[{"href":"https:\/\/shivaplus.com\/index.php\/wp-json\/wp\/v2\/media?parent=47404"}],"wp:term":[{"taxonomy":"product_cat","embeddable":true,"href":"https:\/\/shivaplus.com\/index.php\/wp-json\/wp\/v2\/product_cat?post=47404"},{"taxonomy":"product_tag","embeddable":true,"href":"https:\/\/shivaplus.com\/index.php\/wp-json\/wp\/v2\/product_tag?post=47404"}],"curies":[{"name":"wp","href":"https:\/\/api.w.org\/{rel}","templated":true}]}}