{"id":47401,"date":"2023-08-17T18:04:09","date_gmt":"2023-08-17T16:04:09","guid":{"rendered":"https:\/\/shivaplus.com\/?post_type=product&#038;p=47401"},"modified":"2023-08-17T18:04:09","modified_gmt":"2023-08-17T16:04:09","slug":"moulinex-cuiseur-riz-mk1511-cuiseur-a-riz-blanc-1-5l-500w","status":"publish","type":"product","link":"https:\/\/shivaplus.com\/index.php\/produit\/moulinex-cuiseur-riz-mk1511-cuiseur-a-riz-blanc-1-5l-500w\/","title":{"rendered":"MOULINEX Cuiseur riz MK1511 Cuiseur \u00e0 Riz Blanc 1.5L 500W"},"content":{"rendered":"<p>Ce cuiseur automatique permet de cuire jusqu\u2019\u00e0 1,2 kg de riz avec un r\u00e9sultat gustatif optimal de votre riz : plus savoureux et plus tendre. Sa cuisson est inratable et sans surveillance gr\u00e2ce au passage en maintien au chaud automatique. Variez les recettes gr\u00e2ce \u00e0 la fonction vapeur.<\/p>\n","protected":false},"excerpt":{"rendered":"<p>Ce cuiseur automatique permet de cuire jusqu\u2019\u00e0 1,2 kg de riz avec un r\u00e9sultat gustatif optimal de votre riz : plus savoureux et plus tendre. Sa cuisson est inratable et sans surveillance gr\u00e2ce au passage en maintien au chaud automatique. Variez les recettes gr\u00e2ce \u00e0 la fonction vapeur.<\/p>\n","protected":false},"featured_media":47402,"comment_status":"open","ping_status":"closed","template":"","meta":[],"product_cat":[155],"product_tag":[],"_links":{"self":[{"href":"https:\/\/shivaplus.com\/index.php\/wp-json\/wp\/v2\/product\/47401"}],"collection":[{"href":"https:\/\/shivaplus.com\/index.php\/wp-json\/wp\/v2\/product"}],"about":[{"href":"https:\/\/shivaplus.com\/index.php\/wp-json\/wp\/v2\/types\/product"}],"replies":[{"embeddable":true,"href":"https:\/\/shivaplus.com\/index.php\/wp-json\/wp\/v2\/comments?post=47401"}],"version-history":[{"count":1,"href":"https:\/\/shivaplus.com\/index.php\/wp-json\/wp\/v2\/product\/47401\/revisions"}],"predecessor-version":[{"id":47403,"href":"https:\/\/shivaplus.com\/index.php\/wp-json\/wp\/v2\/product\/47401\/revisions\/47403"}],"wp:featuredmedia":[{"embeddable":true,"href":"https:\/\/shivaplus.com\/index.php\/wp-json\/wp\/v2\/media\/47402"}],"wp:attachment":[{"href":"https:\/\/shivaplus.com\/index.php\/wp-json\/wp\/v2\/media?parent=47401"}],"wp:term":[{"taxonomy":"product_cat","embeddable":true,"href":"https:\/\/shivaplus.com\/index.php\/wp-json\/wp\/v2\/product_cat?post=47401"},{"taxonomy":"product_tag","embeddable":true,"href":"https:\/\/shivaplus.com\/index.php\/wp-json\/wp\/v2\/product_tag?post=47401"}],"curies":[{"name":"wp","href":"https:\/\/api.w.org\/{rel}","templated":true}]}}