{"id":47398,"date":"2023-08-17T17:40:01","date_gmt":"2023-08-17T15:40:01","guid":{"rendered":"https:\/\/shivaplus.com\/?post_type=product&#038;p=47398"},"modified":"2023-08-17T17:40:01","modified_gmt":"2023-08-17T15:40:01","slug":"honeywell-coffre-fort-resistant-au-feu-impermeable-boite-a-documents-caisse-a-monnaie-avec-registre-agrafeuse-din-a4-407-x-32","status":"publish","type":"product","link":"https:\/\/shivaplus.com\/index.php\/produit\/honeywell-coffre-fort-resistant-au-feu-impermeable-boite-a-documents-caisse-a-monnaie-avec-registre-agrafeuse-din-a4-407-x-32\/","title":{"rendered":"Honeywell Coffre Fort R\u00e9sistant au Feu Imperm\u00e9able, Bo\u00eete \u00e0 Documents, Caisse \u00e0 Monnaie avec Registre Agrafeuse, DIN A4, 40,7 x 32"},"content":{"rendered":"<p>Coffre fort ignifuge solide, r\u00e9sistant au feu et \u00e0 l&rsquo;eau, offrant une protection pour les documents importants comme, par exemple, les titres, l&rsquo;argent liquide, etc. et les supports num\u00e9riques non magn\u00e9tiques tels que CD, DVD, cl\u00e9s USB, etc.<\/p>\n<p>Protection contre feu 30 minutes en pr\u00e9sence de temp\u00e9ratures allant jusqu&rsquo;\u00e0 843 degr\u00e9s, degr\u00e9 de r\u00e9sistance test\u00e9 en laboratoire (certifii\u00e9 UL!).<br \/>\nConvient uniquement pour les fichiers suspendus au format US (US standard Lettre, 215,9 x 279,4 mm), cependant, peuvent \u00eatre arrim\u00e9s feuilles DIN A4 facilement.<br \/>\nAvec 6 registre agrafeuse (format US). Double patte de s\u00e9curit\u00e9 pour une fermeture \u00e9tanche \u00e0 l&rsquo;air et \u00e0 l&rsquo;eau. Charni\u00e8res invisibles pour un design \u00e9l\u00e9gant.<br \/>\nSerrure cylindrique \u00e9prouv\u00e9e avec 2 cl\u00e9s pour une protection antivol.<\/p>\n","protected":false},"excerpt":{"rendered":"<p>Coffre fort ignifuge solide, r\u00e9sistant au feu et \u00e0 l&rsquo;eau, offrant une protection pour les documents importants comme, par exemple, les titres, l&rsquo;argent liquide, etc. et les supports num\u00e9riques non magn\u00e9tiques tels que CD, DVD, cl\u00e9s USB, etc. Protection contre feu 30 minutes en pr\u00e9sence de temp\u00e9ratures allant jusqu&rsquo;\u00e0 843 degr\u00e9s, degr\u00e9 de r\u00e9sistance test\u00e9 [&hellip;]<\/p>\n","protected":false},"featured_media":47399,"comment_status":"open","ping_status":"closed","template":"","meta":[],"product_cat":[152],"product_tag":[],"_links":{"self":[{"href":"https:\/\/shivaplus.com\/index.php\/wp-json\/wp\/v2\/product\/47398"}],"collection":[{"href":"https:\/\/shivaplus.com\/index.php\/wp-json\/wp\/v2\/product"}],"about":[{"href":"https:\/\/shivaplus.com\/index.php\/wp-json\/wp\/v2\/types\/product"}],"replies":[{"embeddable":true,"href":"https:\/\/shivaplus.com\/index.php\/wp-json\/wp\/v2\/comments?post=47398"}],"version-history":[{"count":1,"href":"https:\/\/shivaplus.com\/index.php\/wp-json\/wp\/v2\/product\/47398\/revisions"}],"predecessor-version":[{"id":47400,"href":"https:\/\/shivaplus.com\/index.php\/wp-json\/wp\/v2\/product\/47398\/revisions\/47400"}],"wp:featuredmedia":[{"embeddable":true,"href":"https:\/\/shivaplus.com\/index.php\/wp-json\/wp\/v2\/media\/47399"}],"wp:attachment":[{"href":"https:\/\/shivaplus.com\/index.php\/wp-json\/wp\/v2\/media?parent=47398"}],"wp:term":[{"taxonomy":"product_cat","embeddable":true,"href":"https:\/\/shivaplus.com\/index.php\/wp-json\/wp\/v2\/product_cat?post=47398"},{"taxonomy":"product_tag","embeddable":true,"href":"https:\/\/shivaplus.com\/index.php\/wp-json\/wp\/v2\/product_tag?post=47398"}],"curies":[{"name":"wp","href":"https:\/\/api.w.org\/{rel}","templated":true}]}}