{"id":47393,"date":"2023-08-17T17:23:01","date_gmt":"2023-08-17T15:23:01","guid":{"rendered":"https:\/\/shivaplus.com\/?post_type=product&#038;p=47393"},"modified":"2023-08-17T17:23:02","modified_gmt":"2023-08-17T15:23:02","slug":"chaise-bureau","status":"publish","type":"product","link":"https:\/\/shivaplus.com\/index.php\/produit\/chaise-bureau\/","title":{"rendered":"Chaise Bureau"},"content":{"rendered":"<p><span>Pr\u00e9sident invit\u00e9. Rembourr\u00e9 avec un rev\u00eatement noir CaressoftPlus\u2122 ultra doux, durable et respirant. Bras chrom\u00e9s m\u00e9talliques surmont\u00e9s de coussinets de bras durs. Base en porte-\u00e0-faux chrom\u00e9.<\/span><\/p>\n","protected":false},"excerpt":{"rendered":"<p>Pr\u00e9sident invit\u00e9. Rembourr\u00e9 avec un rev\u00eatement noir CaressoftPlus\u2122 ultra doux, durable et respirant. Bras chrom\u00e9s m\u00e9talliques surmont\u00e9s de coussinets de bras durs. Base en porte-\u00e0-faux chrom\u00e9.<\/p>\n","protected":false},"featured_media":47395,"comment_status":"open","ping_status":"closed","template":"","meta":[],"product_cat":[154],"product_tag":[],"_links":{"self":[{"href":"https:\/\/shivaplus.com\/index.php\/wp-json\/wp\/v2\/product\/47393"}],"collection":[{"href":"https:\/\/shivaplus.com\/index.php\/wp-json\/wp\/v2\/product"}],"about":[{"href":"https:\/\/shivaplus.com\/index.php\/wp-json\/wp\/v2\/types\/product"}],"replies":[{"embeddable":true,"href":"https:\/\/shivaplus.com\/index.php\/wp-json\/wp\/v2\/comments?post=47393"}],"version-history":[{"count":1,"href":"https:\/\/shivaplus.com\/index.php\/wp-json\/wp\/v2\/product\/47393\/revisions"}],"predecessor-version":[{"id":47397,"href":"https:\/\/shivaplus.com\/index.php\/wp-json\/wp\/v2\/product\/47393\/revisions\/47397"}],"wp:featuredmedia":[{"embeddable":true,"href":"https:\/\/shivaplus.com\/index.php\/wp-json\/wp\/v2\/media\/47395"}],"wp:attachment":[{"href":"https:\/\/shivaplus.com\/index.php\/wp-json\/wp\/v2\/media?parent=47393"}],"wp:term":[{"taxonomy":"product_cat","embeddable":true,"href":"https:\/\/shivaplus.com\/index.php\/wp-json\/wp\/v2\/product_cat?post=47393"},{"taxonomy":"product_tag","embeddable":true,"href":"https:\/\/shivaplus.com\/index.php\/wp-json\/wp\/v2\/product_tag?post=47393"}],"curies":[{"name":"wp","href":"https:\/\/api.w.org\/{rel}","templated":true}]}}