{"id":47388,"date":"2023-08-17T16:10:55","date_gmt":"2023-08-17T14:10:55","guid":{"rendered":"https:\/\/shivaplus.com\/?post_type=product&#038;p=47388"},"modified":"2023-08-17T16:21:41","modified_gmt":"2023-08-17T14:21:41","slug":"16l-filtre-a-eau-au-charbon-actif-purificateur-deau-systeme-de-filtration-de-distributeur-de-filtre","status":"publish","type":"product","link":"https:\/\/shivaplus.com\/index.php\/produit\/16l-filtre-a-eau-au-charbon-actif-purificateur-deau-systeme-de-filtration-de-distributeur-de-filtre\/","title":{"rendered":"16L Filtre \u00e0 eau au charbon actif Purificateur d&rsquo;eau Syst\u00e8me de filtration de distributeur de filtre"},"content":{"rendered":"<p>Une eau potable saine et fra\u00eeche est le fondement de la vie humaine. Ce purificateur de carbone activ\u00e9 par eau aide \u00e0 \u00e9liminer les s\u00e9diments, la rouille, les m\u00e9taux lourds dans l&rsquo;eau, il a une fonction de purification, d&rsquo;adoucissement et de st\u00e9rilisation, pour que vous puissiez profiter d&rsquo;eau min\u00e9rale alcaline faible et saine. Le r\u00e9servoir sup\u00e9rieur et inf\u00e9rieur a 16L grande capacit\u00e9 au total, avec un robinet pour un acc\u00e8s pratique.<\/p>\n","protected":false},"excerpt":{"rendered":"<p>Une eau potable saine et fra\u00eeche est le fondement de la vie humaine. Ce purificateur de carbone activ\u00e9 par eau aide \u00e0 \u00e9liminer les s\u00e9diments, la rouille, les m\u00e9taux lourds dans l&rsquo;eau, il a une fonction de purification, d&rsquo;adoucissement et de st\u00e9rilisation, pour que vous puissiez profiter d&rsquo;eau min\u00e9rale alcaline faible et saine. Le r\u00e9servoir [&hellip;]<\/p>\n","protected":false},"featured_media":47392,"comment_status":"open","ping_status":"closed","template":"","meta":[],"product_cat":[149],"product_tag":[],"_links":{"self":[{"href":"https:\/\/shivaplus.com\/index.php\/wp-json\/wp\/v2\/product\/47388"}],"collection":[{"href":"https:\/\/shivaplus.com\/index.php\/wp-json\/wp\/v2\/product"}],"about":[{"href":"https:\/\/shivaplus.com\/index.php\/wp-json\/wp\/v2\/types\/product"}],"replies":[{"embeddable":true,"href":"https:\/\/shivaplus.com\/index.php\/wp-json\/wp\/v2\/comments?post=47388"}],"version-history":[{"count":2,"href":"https:\/\/shivaplus.com\/index.php\/wp-json\/wp\/v2\/product\/47388\/revisions"}],"predecessor-version":[{"id":47391,"href":"https:\/\/shivaplus.com\/index.php\/wp-json\/wp\/v2\/product\/47388\/revisions\/47391"}],"wp:featuredmedia":[{"embeddable":true,"href":"https:\/\/shivaplus.com\/index.php\/wp-json\/wp\/v2\/media\/47392"}],"wp:attachment":[{"href":"https:\/\/shivaplus.com\/index.php\/wp-json\/wp\/v2\/media?parent=47388"}],"wp:term":[{"taxonomy":"product_cat","embeddable":true,"href":"https:\/\/shivaplus.com\/index.php\/wp-json\/wp\/v2\/product_cat?post=47388"},{"taxonomy":"product_tag","embeddable":true,"href":"https:\/\/shivaplus.com\/index.php\/wp-json\/wp\/v2\/product_tag?post=47388"}],"curies":[{"name":"wp","href":"https:\/\/api.w.org\/{rel}","templated":true}]}}