{"id":47381,"date":"2023-08-17T13:13:42","date_gmt":"2023-08-17T11:13:42","guid":{"rendered":"https:\/\/shivaplus.com\/?post_type=product&#038;p=47381"},"modified":"2023-08-17T13:13:43","modified_gmt":"2023-08-17T11:13:43","slug":"climatiseur-split-sharp-12000btu-1-5-cv-blanc","status":"publish","type":"product","link":"https:\/\/shivaplus.com\/index.php\/produit\/climatiseur-split-sharp-12000btu-1-5-cv-blanc\/","title":{"rendered":"Climatiseur Split \u2013 SHARP \u2013 12000BTU \u2013 1.5 CV \u2013 Blanc"},"content":{"rendered":"<p>La saison s\u00e8che est une saison ou la chaleur est souvent accablante et parfois entraine beaucoup de malaises. Nous avons donc mis \u00e0 votre disposition\u00a0 le climatiseur Split SHARP c\u2019est le climatiseur de derni\u00e8re g\u00e9n\u00e9ration que nous avons mis \u00e0 votre disposition pour assurer votre bien \u00eatre. Plus de panique car la chaleur ne sera plus votre partage et d\u00e9sormais, vous ne ressentirez plus la chaleur et votre vie ne sera plus que bonheur. De ses 1.5 CV\u00a0 de puissance, il est tr\u00e8s r\u00e9sistant et durable. C\u2019est un climatiseur accessible \u00e0 tous\u00a0 et est tr\u00e8s recommand\u00e9 pour les domiciles, les bureaux , les grandes surfaces etc..<\/p>\n","protected":false},"excerpt":{"rendered":"<p>La saison s\u00e8che est une saison ou la chaleur est souvent accablante et parfois entraine beaucoup de malaises. Nous avons donc mis \u00e0 votre disposition\u00a0 le climatiseur Split SHARP c\u2019est le climatiseur de derni\u00e8re g\u00e9n\u00e9ration que nous avons mis \u00e0 votre disposition pour assurer votre bien \u00eatre. Plus de panique car la chaleur ne sera [&hellip;]<\/p>\n","protected":false},"featured_media":47382,"comment_status":"open","ping_status":"closed","template":"","meta":[],"product_cat":[152],"product_tag":[],"_links":{"self":[{"href":"https:\/\/shivaplus.com\/index.php\/wp-json\/wp\/v2\/product\/47381"}],"collection":[{"href":"https:\/\/shivaplus.com\/index.php\/wp-json\/wp\/v2\/product"}],"about":[{"href":"https:\/\/shivaplus.com\/index.php\/wp-json\/wp\/v2\/types\/product"}],"replies":[{"embeddable":true,"href":"https:\/\/shivaplus.com\/index.php\/wp-json\/wp\/v2\/comments?post=47381"}],"version-history":[{"count":1,"href":"https:\/\/shivaplus.com\/index.php\/wp-json\/wp\/v2\/product\/47381\/revisions"}],"predecessor-version":[{"id":47383,"href":"https:\/\/shivaplus.com\/index.php\/wp-json\/wp\/v2\/product\/47381\/revisions\/47383"}],"wp:featuredmedia":[{"embeddable":true,"href":"https:\/\/shivaplus.com\/index.php\/wp-json\/wp\/v2\/media\/47382"}],"wp:attachment":[{"href":"https:\/\/shivaplus.com\/index.php\/wp-json\/wp\/v2\/media?parent=47381"}],"wp:term":[{"taxonomy":"product_cat","embeddable":true,"href":"https:\/\/shivaplus.com\/index.php\/wp-json\/wp\/v2\/product_cat?post=47381"},{"taxonomy":"product_tag","embeddable":true,"href":"https:\/\/shivaplus.com\/index.php\/wp-json\/wp\/v2\/product_tag?post=47381"}],"curies":[{"name":"wp","href":"https:\/\/api.w.org\/{rel}","templated":true}]}}