{"id":47377,"date":"2023-08-17T13:06:09","date_gmt":"2023-08-17T11:06:09","guid":{"rendered":"https:\/\/shivaplus.com\/?post_type=product&#038;p=47377"},"modified":"2025-11-07T02:31:37","modified_gmt":"2025-11-07T01:31:37","slug":"lave-linge-frontal-lg-f14v52ixs","status":"publish","type":"product","link":"https:\/\/shivaplus.com\/index.php\/produit\/lave-linge-frontal-lg-f14v52ixs\/","title":{"rendered":"Lave-linge frontal LG F14V52IXS"},"content":{"rendered":"<h2 class=\"default\">Description du produit<\/h2>\n<div id=\"productDescription\" class=\"a-section a-spacing-small\">\n<p>Affichage du temps restant : Oui<br \/>\nAjout de linge en cours de cycle : Oui<br \/>\nAutre(s) : Aubes inox, Compatible TWINWash Mini<br \/>\nCapacit\u00e9 : 10.5 kg<br \/>\nCapacit\u00e9 nominale programme \u00ab\u00a0Eco 40-60&Prime; (kg) : 10.5<br \/>\nClasse d&rsquo;efficacit\u00e9 d&rsquo;essorage : A<br \/>\nClasse d&rsquo;efficacit\u00e9 de lavage : N\/C<br \/>\nClasse d&rsquo;efficacit\u00e9 \u00e9nerg\u00e9tique : B<br \/>\nClasse d&rsquo;\u00e9mission de bruit (en essorage) : A<br \/>\nClasse d&rsquo;\u00e9mission de bruit acoustique dans l&rsquo;air : A<br \/>\nConso. d&rsquo;eau pond\u00e9r\u00e9e par cycle (litres) : 53<br \/>\nConso. d&rsquo;\u00e9nergie cycle lavage \u00a0\u00bbEco 40-60\u00a0\u00bb (kWh) : 0.601<br \/>\nConso. d&rsquo;\u00e9nergie pond\u00e9r\u00e9e pour 100 cycles (kWh) : 61<br \/>\nConso. eau cycle \u00a0\u00bbEco 40-60\u00a0\u00bb (L\/cycle) : 53<br \/>\nConso. \u00e9nergie \/100 cycles (kWh) : 61<br \/>\nCoton : Oui<br \/>\nCouette \/ Duvet : Oui<br \/>\nCouleur : Inox<br \/>\nCouleur du hublot ou de la porte : Hublot chrome<br \/>\nD\u00e9licat : Oui<br \/>\nD\u00e9marrage diff\u00e9r\u00e9 (W) : 4.00<br \/>\nD\u00e9part diff\u00e9r\u00e9 : Non<br \/>\nD\u00e9tecteur anti-mousse : Oui<br \/>\nDiam\u00e8tre du hublot (cm) : 30<br \/>\nDur\u00e9e cycle \u00a0\u00bbEco 40-60\u00a0\u00bb (h:min) : 4:00<br \/>\nDur\u00e9e du programme \u00a0\u00bbEco 40-60\u00a0\u00bb capacit\u00e9 nominale (h:min) : 4:00<br \/>\nDur\u00e9e du programme \u00a0\u00bbEco 40-60\u00a0\u00bb moiti\u00e9 (h:min) : 2:45<br \/>\nDur\u00e9e du programme \u00a0\u00bbEco 40-60\u00a0\u00bb quart (h:min) : 2:40<br \/>\nEclairage du tambour : Non<br \/>\nEcran : Oui<br \/>\nEfficacit\u00e9 de rin\u00e7age (g\/kg) : 5.0<br \/>\nEmissions de bruit acoustique dans l&rsquo;air (dB(A)) : 72<br \/>\nEncastrable : Non<br \/>\nFin diff\u00e9r\u00e9e : Oui<br \/>\nFinition \/ Nuance : Chrome<br \/>\nFonction s\u00e9chage : Non<br \/>\nHauteur (cm) : 85<br \/>\nIEE : 59.8<br \/>\nIndice d&rsquo;efficacit\u00e9 de lavage : 1.04<br \/>\nIndice de r\u00e9parabilit\u00e9 (Note \/10) : 9.6<br \/>\nLaine : Oui<br \/>\nLargeur (cm) : 60<br \/>\nLavage main : Oui<br \/>\nLave-linge connect\u00e9 : Oui<br \/>\nLe(s) plus-produit(s) : AI Direct Drive<br \/>\nMixte : Oui<br \/>\nMode arr\u00eat (W) : 0.50<br \/>\nMode veille (W) : 0.50<br \/>\nMode veille avec maintien de la connexion au r\u00e9seau (W) : 2.00<br \/>\nNbre de programmes : N\/C<br \/>\nNiveau sonore lavage (dB) : N\/C<br \/>\nNiveau sonore max.(dB) : 72<br \/>\nOuverture du hublot (\u00b0) : 150<br \/>\nPoids (kg) : 70<br \/>\nProfondeur (cm) : 56<br \/>\nProgrammateur<\/p>\n<\/div>\n","protected":false},"excerpt":{"rendered":"<p>Description du produit Affichage du temps restant : Oui Ajout de linge en cours de cycle : Oui Autre(s) : Aubes inox, Compatible TWINWash Mini Capacit\u00e9 : 10.5 kg Capacit\u00e9 nominale programme \u00ab\u00a0Eco 40-60&Prime; (kg) : 10.5 Classe d&rsquo;efficacit\u00e9 d&rsquo;essorage : A Classe d&rsquo;efficacit\u00e9 de lavage : N\/C Classe d&rsquo;efficacit\u00e9 \u00e9nerg\u00e9tique : B Classe d&rsquo;\u00e9mission [&hellip;]<\/p>\n","protected":false},"featured_media":47378,"comment_status":"open","ping_status":"closed","template":"","meta":[],"product_cat":[155,152,150],"product_tag":[],"_links":{"self":[{"href":"https:\/\/shivaplus.com\/index.php\/wp-json\/wp\/v2\/product\/47377"}],"collection":[{"href":"https:\/\/shivaplus.com\/index.php\/wp-json\/wp\/v2\/product"}],"about":[{"href":"https:\/\/shivaplus.com\/index.php\/wp-json\/wp\/v2\/types\/product"}],"replies":[{"embeddable":true,"href":"https:\/\/shivaplus.com\/index.php\/wp-json\/wp\/v2\/comments?post=47377"}],"version-history":[{"count":1,"href":"https:\/\/shivaplus.com\/index.php\/wp-json\/wp\/v2\/product\/47377\/revisions"}],"predecessor-version":[{"id":47380,"href":"https:\/\/shivaplus.com\/index.php\/wp-json\/wp\/v2\/product\/47377\/revisions\/47380"}],"wp:featuredmedia":[{"embeddable":true,"href":"https:\/\/shivaplus.com\/index.php\/wp-json\/wp\/v2\/media\/47378"}],"wp:attachment":[{"href":"https:\/\/shivaplus.com\/index.php\/wp-json\/wp\/v2\/media?parent=47377"}],"wp:term":[{"taxonomy":"product_cat","embeddable":true,"href":"https:\/\/shivaplus.com\/index.php\/wp-json\/wp\/v2\/product_cat?post=47377"},{"taxonomy":"product_tag","embeddable":true,"href":"https:\/\/shivaplus.com\/index.php\/wp-json\/wp\/v2\/product_tag?post=47377"}],"curies":[{"name":"wp","href":"https:\/\/api.w.org\/{rel}","templated":true}]}}