{"id":47361,"date":"2023-08-16T07:30:42","date_gmt":"2023-08-16T05:30:42","guid":{"rendered":"https:\/\/shivaplus.com\/?post_type=product&#038;p=47361"},"modified":"2023-08-16T07:30:42","modified_gmt":"2023-08-16T05:30:42","slug":"chauffe-buffet-de-rechaud-rond-rechaud-a-alcool-en-acier-inoxydable","status":"publish","type":"product","link":"https:\/\/shivaplus.com\/index.php\/produit\/chauffe-buffet-de-rechaud-rond-rechaud-a-alcool-en-acier-inoxydable\/","title":{"rendered":"Chauffe-buffet de r\u00e9chaud rond, r\u00e9chaud \u00e0 alcool en acier inoxydable"},"content":{"rendered":"<p>Chauffe-buffet de r\u00e9chaud rond, r\u00e9chaud \u00e0 alcool en acier inoxydable, petit r\u00e9chaud domestique\/commercial, chauffe-plats de table<\/p>\n","protected":false},"excerpt":{"rendered":"<p>Chauffe-buffet de r\u00e9chaud rond, r\u00e9chaud \u00e0 alcool en acier inoxydable, petit r\u00e9chaud domestique\/commercial, chauffe-plats de table<\/p>\n","protected":false},"featured_media":47362,"comment_status":"open","ping_status":"closed","template":"","meta":[],"product_cat":[15],"product_tag":[],"_links":{"self":[{"href":"https:\/\/shivaplus.com\/index.php\/wp-json\/wp\/v2\/product\/47361"}],"collection":[{"href":"https:\/\/shivaplus.com\/index.php\/wp-json\/wp\/v2\/product"}],"about":[{"href":"https:\/\/shivaplus.com\/index.php\/wp-json\/wp\/v2\/types\/product"}],"replies":[{"embeddable":true,"href":"https:\/\/shivaplus.com\/index.php\/wp-json\/wp\/v2\/comments?post=47361"}],"version-history":[{"count":1,"href":"https:\/\/shivaplus.com\/index.php\/wp-json\/wp\/v2\/product\/47361\/revisions"}],"predecessor-version":[{"id":47364,"href":"https:\/\/shivaplus.com\/index.php\/wp-json\/wp\/v2\/product\/47361\/revisions\/47364"}],"wp:featuredmedia":[{"embeddable":true,"href":"https:\/\/shivaplus.com\/index.php\/wp-json\/wp\/v2\/media\/47362"}],"wp:attachment":[{"href":"https:\/\/shivaplus.com\/index.php\/wp-json\/wp\/v2\/media?parent=47361"}],"wp:term":[{"taxonomy":"product_cat","embeddable":true,"href":"https:\/\/shivaplus.com\/index.php\/wp-json\/wp\/v2\/product_cat?post=47361"},{"taxonomy":"product_tag","embeddable":true,"href":"https:\/\/shivaplus.com\/index.php\/wp-json\/wp\/v2\/product_tag?post=47361"}],"curies":[{"name":"wp","href":"https:\/\/api.w.org\/{rel}","templated":true}]}}