{"id":47354,"date":"2023-08-16T07:17:04","date_gmt":"2023-08-16T05:17:04","guid":{"rendered":"https:\/\/shivaplus.com\/?post_type=product&#038;p=47354"},"modified":"2023-08-16T07:18:18","modified_gmt":"2023-08-16T05:18:18","slug":"poeles-a-frire-multicolores","status":"publish","type":"product","link":"https:\/\/shivaplus.com\/index.php\/produit\/poeles-a-frire-multicolores\/","title":{"rendered":"Po\u00eales \u00e0 frire multicolores"},"content":{"rendered":"<pre id=\"tw-target-text\" class=\"tw-data-text tw-text-large tw-ta\" dir=\"ltr\" data-placeholder=\"Traduction\"><span class=\"Y2IQFc\" lang=\"fr\">Po\u00eales \u00e0 frire multicolores po\u00eales \u00e0 frire antiadh\u00e9sives<\/span><\/pre>\n","protected":false},"excerpt":{"rendered":"<p>Po\u00eales \u00e0 frire multicolores po\u00eales \u00e0 frire antiadh\u00e9sives<\/p>\n","protected":false},"featured_media":47355,"comment_status":"open","ping_status":"closed","template":"","meta":[],"product_cat":[149],"product_tag":[84],"_links":{"self":[{"href":"https:\/\/shivaplus.com\/index.php\/wp-json\/wp\/v2\/product\/47354"}],"collection":[{"href":"https:\/\/shivaplus.com\/index.php\/wp-json\/wp\/v2\/product"}],"about":[{"href":"https:\/\/shivaplus.com\/index.php\/wp-json\/wp\/v2\/types\/product"}],"replies":[{"embeddable":true,"href":"https:\/\/shivaplus.com\/index.php\/wp-json\/wp\/v2\/comments?post=47354"}],"version-history":[{"count":1,"href":"https:\/\/shivaplus.com\/index.php\/wp-json\/wp\/v2\/product\/47354\/revisions"}],"predecessor-version":[{"id":47356,"href":"https:\/\/shivaplus.com\/index.php\/wp-json\/wp\/v2\/product\/47354\/revisions\/47356"}],"wp:featuredmedia":[{"embeddable":true,"href":"https:\/\/shivaplus.com\/index.php\/wp-json\/wp\/v2\/media\/47355"}],"wp:attachment":[{"href":"https:\/\/shivaplus.com\/index.php\/wp-json\/wp\/v2\/media?parent=47354"}],"wp:term":[{"taxonomy":"product_cat","embeddable":true,"href":"https:\/\/shivaplus.com\/index.php\/wp-json\/wp\/v2\/product_cat?post=47354"},{"taxonomy":"product_tag","embeddable":true,"href":"https:\/\/shivaplus.com\/index.php\/wp-json\/wp\/v2\/product_tag?post=47354"}],"curies":[{"name":"wp","href":"https:\/\/api.w.org\/{rel}","templated":true}]}}