{"id":46985,"date":"2023-08-15T12:20:13","date_gmt":"2023-08-15T10:20:13","guid":{"rendered":"https:\/\/shivaplus.com\/?post_type=product&#038;p=46985"},"modified":"2023-08-19T10:52:34","modified_gmt":"2023-08-19T08:52:34","slug":"craquez-pour-ce-joli-salon-le-salon-de-tous-les-temps","status":"publish","type":"product","link":"https:\/\/shivaplus.com\/index.php\/produit\/craquez-pour-ce-joli-salon-le-salon-de-tous-les-temps\/","title":{"rendered":"Craquez pour ce joli salon , le salon de tous les temps."},"content":{"rendered":"<p>Craquez pour ce joli salon , le salon de tous les temps. Son armature en bois massif\u00a0 garantit un confort et une solidit\u00e9 unique en toutes circonstances, de plus son rembourrage est compos\u00e9 d&rsquo;un m\u00e9lange de coton et de mousse haute densit\u00e9.<\/p>\n","protected":false},"excerpt":{"rendered":"<p>Craquez pour ce joli salon , le salon de tous les temps. Son armature en bois massif\u00a0 garantit un confort et une solidit\u00e9 unique en toutes circonstances, de plus son rembourrage est compos\u00e9 d&rsquo;un m\u00e9lange de coton et de mousse haute densit\u00e9.<\/p>\n","protected":false},"featured_media":46986,"comment_status":"open","ping_status":"closed","template":"","meta":[],"product_cat":[154,158],"product_tag":[84],"_links":{"self":[{"href":"https:\/\/shivaplus.com\/index.php\/wp-json\/wp\/v2\/product\/46985"}],"collection":[{"href":"https:\/\/shivaplus.com\/index.php\/wp-json\/wp\/v2\/product"}],"about":[{"href":"https:\/\/shivaplus.com\/index.php\/wp-json\/wp\/v2\/types\/product"}],"replies":[{"embeddable":true,"href":"https:\/\/shivaplus.com\/index.php\/wp-json\/wp\/v2\/comments?post=46985"}],"version-history":[{"count":2,"href":"https:\/\/shivaplus.com\/index.php\/wp-json\/wp\/v2\/product\/46985\/revisions"}],"predecessor-version":[{"id":47167,"href":"https:\/\/shivaplus.com\/index.php\/wp-json\/wp\/v2\/product\/46985\/revisions\/47167"}],"wp:featuredmedia":[{"embeddable":true,"href":"https:\/\/shivaplus.com\/index.php\/wp-json\/wp\/v2\/media\/46986"}],"wp:attachment":[{"href":"https:\/\/shivaplus.com\/index.php\/wp-json\/wp\/v2\/media?parent=46985"}],"wp:term":[{"taxonomy":"product_cat","embeddable":true,"href":"https:\/\/shivaplus.com\/index.php\/wp-json\/wp\/v2\/product_cat?post=46985"},{"taxonomy":"product_tag","embeddable":true,"href":"https:\/\/shivaplus.com\/index.php\/wp-json\/wp\/v2\/product_tag?post=46985"}],"curies":[{"name":"wp","href":"https:\/\/api.w.org\/{rel}","templated":true}]}}