{"id":46940,"date":"2023-08-15T08:51:32","date_gmt":"2023-08-15T06:51:32","guid":{"rendered":"https:\/\/shivaplus.com\/?post_type=product&#038;p=46940"},"modified":"2025-11-07T02:38:30","modified_gmt":"2025-11-07T01:38:30","slug":"machine-a-laver-lg-105-kg-avec-la-technologie-steam-f4v5ryp2t-gris","status":"publish","type":"product","link":"https:\/\/shivaplus.com\/index.php\/produit\/machine-a-laver-lg-105-kg-avec-la-technologie-steam-f4v5ryp2t-gris\/","title":{"rendered":"Machine \u00e0 laver LG &#8211; 10,5 kg &#8211; Avec la technologie Steam &#8211; F4V5RYP2T &#8211; Gris"},"content":{"rendered":"<h2><strong>Machine \u00e0 laver LG 10,5 kg automatique F4V5RYP2T au meilleur prix<\/strong><\/h2>\n<p>La\u00a0<strong>machine \u00e0 laver LG 10.5Kg\u00a0<\/strong>F4V5RYP2T est une machine \u00e0 laver de qualit\u00e9 sup\u00e9rieure qui offre une capacit\u00e9 de 10,5 kg, ce qui en fait un choix id\u00e9al pour les familles nombreuses. Avec la technologie Steam, cette machine \u00e0 laver garantit un nettoyage en profondeur de vos v\u00eatements, \u00e9liminant ainsi les taches les plus tenaces. Cet appareil performant et \u00e9conome int\u00e8gre un moteur \u00e0 induction direct qui le rend plus robuste, durable et silencieux et surtout elle consomme tr\u00e8s peu d\u2019\u00e9lectricit\u00e9.<\/p>\n","protected":false},"excerpt":{"rendered":"<p>Machine \u00e0 laver LG 10,5 kg automatique F4V5RYP2T au meilleur prix La\u00a0machine \u00e0 laver LG 10.5Kg\u00a0F4V5RYP2T est une machine \u00e0 laver de qualit\u00e9 sup\u00e9rieure qui offre une capacit\u00e9 de 10,5 kg, ce qui en fait un choix id\u00e9al pour les familles nombreuses. Avec la technologie Steam, cette machine \u00e0 laver garantit un nettoyage en profondeur [&hellip;]<\/p>\n","protected":false},"featured_media":46941,"comment_status":"open","ping_status":"closed","template":"","meta":[],"product_cat":[155,152,150],"product_tag":[84],"_links":{"self":[{"href":"https:\/\/shivaplus.com\/index.php\/wp-json\/wp\/v2\/product\/46940"}],"collection":[{"href":"https:\/\/shivaplus.com\/index.php\/wp-json\/wp\/v2\/product"}],"about":[{"href":"https:\/\/shivaplus.com\/index.php\/wp-json\/wp\/v2\/types\/product"}],"replies":[{"embeddable":true,"href":"https:\/\/shivaplus.com\/index.php\/wp-json\/wp\/v2\/comments?post=46940"}],"version-history":[{"count":1,"href":"https:\/\/shivaplus.com\/index.php\/wp-json\/wp\/v2\/product\/46940\/revisions"}],"predecessor-version":[{"id":46944,"href":"https:\/\/shivaplus.com\/index.php\/wp-json\/wp\/v2\/product\/46940\/revisions\/46944"}],"wp:featuredmedia":[{"embeddable":true,"href":"https:\/\/shivaplus.com\/index.php\/wp-json\/wp\/v2\/media\/46941"}],"wp:attachment":[{"href":"https:\/\/shivaplus.com\/index.php\/wp-json\/wp\/v2\/media?parent=46940"}],"wp:term":[{"taxonomy":"product_cat","embeddable":true,"href":"https:\/\/shivaplus.com\/index.php\/wp-json\/wp\/v2\/product_cat?post=46940"},{"taxonomy":"product_tag","embeddable":true,"href":"https:\/\/shivaplus.com\/index.php\/wp-json\/wp\/v2\/product_tag?post=46940"}],"curies":[{"name":"wp","href":"https:\/\/api.w.org\/{rel}","templated":true}]}}