{"id":46935,"date":"2023-08-15T08:45:23","date_gmt":"2023-08-15T06:45:23","guid":{"rendered":"https:\/\/shivaplus.com\/?post_type=product&#038;p=46935"},"modified":"2023-08-15T08:45:23","modified_gmt":"2023-08-15T06:45:23","slug":"refrigerateur-vitree-innova-in-358-192l-blanc-6-mois","status":"publish","type":"product","link":"https:\/\/shivaplus.com\/index.php\/produit\/refrigerateur-vitree-innova-in-358-192l-blanc-6-mois\/","title":{"rendered":"R\u00e9frig\u00e9rateur Vitr\u00e9e &#8211; Innova &#8211; IN-358 &#8211; 192L &#8211; Blanc &#8211; 6 Mois"},"content":{"rendered":"<h2><strong>Faites le choix de ce Refrig\u00e9rateur Vitr\u00e9e &#8211; Innova &#8211; IN-358 et gardez vos aliments en toute s\u00e9rinit\u00e9<\/strong><\/h2>\n<p><strong>Le r\u00e9frig\u00e9rateur vitr\u00e9 Innova IN-358<\/strong>\u00a0est un choix id\u00e9al pour ceux qui recherchent un appareil \u00e0 la fois pratique et esth\u00e9tique. Avec une\u00a0<strong>capacit\u00e9 de 192 litres<\/strong>\u00a0et six \u00e9tag\u00e8res de rangement, il offre amplement d&rsquo;espace pour stocker tous vos aliments et boissons pr\u00e9f\u00e9r\u00e9s. Gr\u00e2ce \u00e0 sa porte vitr\u00e9e, vous pouvez facilement visualiser ce qui se trouve \u00e0 l&rsquo;int\u00e9rieur sans avoir \u00e0 l&rsquo;ouvrir, ce qui permet de minimiser les pertes de froid et d&rsquo;\u00e9conomiser de l&rsquo;\u00e9nergie. De plus, la porte vitr\u00e9e ajoute une touche moderne et \u00e9l\u00e9gante \u00e0 votre cuisine ou \u00e0 tout autre espace o\u00f9 vous choisissez de l&rsquo;installer.<\/p>\n","protected":false},"excerpt":{"rendered":"<p>Faites le choix de ce Refrig\u00e9rateur Vitr\u00e9e &#8211; Innova &#8211; IN-358 et gardez vos aliments en toute s\u00e9rinit\u00e9 Le r\u00e9frig\u00e9rateur vitr\u00e9 Innova IN-358\u00a0est un choix id\u00e9al pour ceux qui recherchent un appareil \u00e0 la fois pratique et esth\u00e9tique. Avec une\u00a0capacit\u00e9 de 192 litres\u00a0et six \u00e9tag\u00e8res de rangement, il offre amplement d&rsquo;espace pour stocker tous vos [&hellip;]<\/p>\n","protected":false},"featured_media":46936,"comment_status":"open","ping_status":"closed","template":"","meta":[],"product_cat":[155,150],"product_tag":[],"_links":{"self":[{"href":"https:\/\/shivaplus.com\/index.php\/wp-json\/wp\/v2\/product\/46935"}],"collection":[{"href":"https:\/\/shivaplus.com\/index.php\/wp-json\/wp\/v2\/product"}],"about":[{"href":"https:\/\/shivaplus.com\/index.php\/wp-json\/wp\/v2\/types\/product"}],"replies":[{"embeddable":true,"href":"https:\/\/shivaplus.com\/index.php\/wp-json\/wp\/v2\/comments?post=46935"}],"version-history":[{"count":1,"href":"https:\/\/shivaplus.com\/index.php\/wp-json\/wp\/v2\/product\/46935\/revisions"}],"predecessor-version":[{"id":46939,"href":"https:\/\/shivaplus.com\/index.php\/wp-json\/wp\/v2\/product\/46935\/revisions\/46939"}],"wp:featuredmedia":[{"embeddable":true,"href":"https:\/\/shivaplus.com\/index.php\/wp-json\/wp\/v2\/media\/46936"}],"wp:attachment":[{"href":"https:\/\/shivaplus.com\/index.php\/wp-json\/wp\/v2\/media?parent=46935"}],"wp:term":[{"taxonomy":"product_cat","embeddable":true,"href":"https:\/\/shivaplus.com\/index.php\/wp-json\/wp\/v2\/product_cat?post=46935"},{"taxonomy":"product_tag","embeddable":true,"href":"https:\/\/shivaplus.com\/index.php\/wp-json\/wp\/v2\/product_tag?post=46935"}],"curies":[{"name":"wp","href":"https:\/\/api.w.org\/{rel}","templated":true}]}}