{"id":46927,"date":"2023-08-15T08:33:42","date_gmt":"2023-08-15T06:33:42","guid":{"rendered":"https:\/\/shivaplus.com\/?post_type=product&#038;p=46927"},"modified":"2023-08-15T08:33:42","modified_gmt":"2023-08-15T06:33:42","slug":"65-hisense-a6-series-4k-uhd-vidaa-tv","status":"publish","type":"product","link":"https:\/\/shivaplus.com\/index.php\/produit\/65-hisense-a6-series-4k-uhd-vidaa-tv\/","title":{"rendered":"65&Prime; Hisense A6 Series 4K UHD Vidaa TV"},"content":{"rendered":"<p>Les TVs 4K d\u2019Hisense vous permettent de b\u00e9n\u00e9ficier d\u2019une r\u00e9solution UHD-4K de 3840\u00d72160, compatible avec tout l\u2019\u00e9cosyst\u00e8me 4K : avec une cl\u00e9 USB, en streaming, ou via la TNT gr\u00e2ce \u00e0 l\u2019Upscaler 4K. Quelque soit votre source de contenus, vous aurez une image nette et pr\u00e9cise. Gr\u00e2ce \u00e0 un algorithme aliment\u00e9 par l\u2019IA, l\u2019Upscaler 4K est capable d\u2019analyser intelligemment les images et d\u2019ajuster chaque pixel avec pr\u00e9cision en optimisant la luminosit\u00e9 et les contrastes. Vous n\u2019avez plus \u00e0 vous soucier du manque de contenu 4K. Il vous suffit de profiter d\u2019images nettes et d\u00e9taill\u00e9es, quelle que soit la r\u00e9solution de votre contenu d\u2019origine.<\/p>\n","protected":false},"excerpt":{"rendered":"<p>Les TVs 4K d\u2019Hisense vous permettent de b\u00e9n\u00e9ficier d\u2019une r\u00e9solution UHD-4K de 3840\u00d72160, compatible avec tout l\u2019\u00e9cosyst\u00e8me 4K : avec une cl\u00e9 USB, en streaming, ou via la TNT gr\u00e2ce \u00e0 l\u2019Upscaler 4K. Quelque soit votre source de contenus, vous aurez une image nette et pr\u00e9cise. Gr\u00e2ce \u00e0 un algorithme aliment\u00e9 par l\u2019IA, l\u2019Upscaler 4K [&hellip;]<\/p>\n","protected":false},"featured_media":46928,"comment_status":"open","ping_status":"closed","template":"","meta":[],"product_cat":[150,153],"product_tag":[],"_links":{"self":[{"href":"https:\/\/shivaplus.com\/index.php\/wp-json\/wp\/v2\/product\/46927"}],"collection":[{"href":"https:\/\/shivaplus.com\/index.php\/wp-json\/wp\/v2\/product"}],"about":[{"href":"https:\/\/shivaplus.com\/index.php\/wp-json\/wp\/v2\/types\/product"}],"replies":[{"embeddable":true,"href":"https:\/\/shivaplus.com\/index.php\/wp-json\/wp\/v2\/comments?post=46927"}],"version-history":[{"count":1,"href":"https:\/\/shivaplus.com\/index.php\/wp-json\/wp\/v2\/product\/46927\/revisions"}],"predecessor-version":[{"id":46931,"href":"https:\/\/shivaplus.com\/index.php\/wp-json\/wp\/v2\/product\/46927\/revisions\/46931"}],"wp:featuredmedia":[{"embeddable":true,"href":"https:\/\/shivaplus.com\/index.php\/wp-json\/wp\/v2\/media\/46928"}],"wp:attachment":[{"href":"https:\/\/shivaplus.com\/index.php\/wp-json\/wp\/v2\/media?parent=46927"}],"wp:term":[{"taxonomy":"product_cat","embeddable":true,"href":"https:\/\/shivaplus.com\/index.php\/wp-json\/wp\/v2\/product_cat?post=46927"},{"taxonomy":"product_tag","embeddable":true,"href":"https:\/\/shivaplus.com\/index.php\/wp-json\/wp\/v2\/product_tag?post=46927"}],"curies":[{"name":"wp","href":"https:\/\/api.w.org\/{rel}","templated":true}]}}