{"id":46908,"date":"2023-08-14T22:37:02","date_gmt":"2023-08-14T20:37:02","guid":{"rendered":"https:\/\/shivaplus.com\/?post_type=product&#038;p=46908"},"modified":"2023-10-31T12:56:34","modified_gmt":"2023-10-31T11:56:34","slug":"bouilloire-sutai-electrique-inox-sans-fil-1-7l-ki150d27-2400w","status":"publish","type":"product","link":"https:\/\/shivaplus.com\/index.php\/produit\/bouilloire-sutai-electrique-inox-sans-fil-1-7l-ki150d27-2400w\/","title":{"rendered":"Bouilloire SuTai ELECTRIQUE INOX SANS FIL 1.7L KI150D27 2400W"},"content":{"rendered":"<p><b>Capacit\u00e9 :\u00a0<\/b>D&rsquo;une capacit\u00e9 de\u00a0\u00a0<b>1,7 litre<\/b>, la bouilloire \u00e9lectrique Tefal est parfaite pour les familles nombreuses et pour pr\u00e9parer une grande quantit\u00e9 d&rsquo;eau chaude, id\u00e9al lorsque vous recevez des amis ou de la famille \u00e0 d\u00eener ou \u00e0 d\u00e9jeuner.<br \/>\n<b>Puissance :\u00a0<\/b>La puissance de\u00a0\u00a0<b>2400 Watts\u00a0<\/b>vous garantit une mont\u00e9e en temp\u00e9rature rapide.<br \/>\n<b>Praticit\u00e9 et lutte anti-calcaire :\u00a0<\/b>Elle est \u00e9quip\u00e9e d&rsquo;une\u00a0<b>\u00a0r\u00e9sistance cach\u00e9e\u00a0<\/b>pour vous faciliter l&rsquo;entretien et pour lutter contre l&rsquo;ennemi num\u00e9ro 1, le calcaire ! Ajoutez \u00e0 cela un\u00a0\u00a0<b>filtre anti-tartre amovible\u00a0<\/b>vous permettant d&rsquo;obtenir une eau limpide.Le\u00a0<b>couvercle sans charni\u00e8re<\/b>\u00a0vous offre un remplissage et un nettoyage plus faciles.Le\u00a0<b>\u00a0socle 360\u00b0\u00a0<\/b>offre un grand\u00a0\u00a0<b>confort d&rsquo;utilisation\u00a0<\/b>: que vous soyez droitiers ou gauchers, vous repositionnez facilement et rapidement la bouilloire sur son socle.Disposez\u00a0d&rsquo;un\u00a0<b>\u00a0interrupteur marche\/arr\u00eat<\/b>.<br \/>\n<b>S\u00e9curit\u00e9 :\u00a0<\/b>La bouilloire \u00e9lectrique Tefal\u00a0s&rsquo;arr\u00eate automatiquement \u00e0 \u00e9bullition ou en cas de fonctionnement sans eau.<\/p>\n","protected":false},"excerpt":{"rendered":"<p>Capacit\u00e9 :\u00a0D&rsquo;une capacit\u00e9 de\u00a0\u00a01,7 litre, la bouilloire \u00e9lectrique Tefal est parfaite pour les familles nombreuses et pour pr\u00e9parer une grande quantit\u00e9 d&rsquo;eau chaude, id\u00e9al lorsque vous recevez des amis ou de la famille \u00e0 d\u00eener ou \u00e0 d\u00e9jeuner. Puissance :\u00a0La puissance de\u00a0\u00a02400 Watts\u00a0vous garantit une mont\u00e9e en temp\u00e9rature rapide. Praticit\u00e9 et lutte anti-calcaire :\u00a0Elle est [&hellip;]<\/p>\n","protected":false},"featured_media":47912,"comment_status":"open","ping_status":"closed","template":"","meta":[],"product_cat":[155],"product_tag":[],"_links":{"self":[{"href":"https:\/\/shivaplus.com\/index.php\/wp-json\/wp\/v2\/product\/46908"}],"collection":[{"href":"https:\/\/shivaplus.com\/index.php\/wp-json\/wp\/v2\/product"}],"about":[{"href":"https:\/\/shivaplus.com\/index.php\/wp-json\/wp\/v2\/types\/product"}],"replies":[{"embeddable":true,"href":"https:\/\/shivaplus.com\/index.php\/wp-json\/wp\/v2\/comments?post=46908"}],"version-history":[{"count":1,"href":"https:\/\/shivaplus.com\/index.php\/wp-json\/wp\/v2\/product\/46908\/revisions"}],"predecessor-version":[{"id":46910,"href":"https:\/\/shivaplus.com\/index.php\/wp-json\/wp\/v2\/product\/46908\/revisions\/46910"}],"wp:featuredmedia":[{"embeddable":true,"href":"https:\/\/shivaplus.com\/index.php\/wp-json\/wp\/v2\/media\/47912"}],"wp:attachment":[{"href":"https:\/\/shivaplus.com\/index.php\/wp-json\/wp\/v2\/media?parent=46908"}],"wp:term":[{"taxonomy":"product_cat","embeddable":true,"href":"https:\/\/shivaplus.com\/index.php\/wp-json\/wp\/v2\/product_cat?post=46908"},{"taxonomy":"product_tag","embeddable":true,"href":"https:\/\/shivaplus.com\/index.php\/wp-json\/wp\/v2\/product_tag?post=46908"}],"curies":[{"name":"wp","href":"https:\/\/api.w.org\/{rel}","templated":true}]}}