{"id":46905,"date":"2023-08-14T22:30:04","date_gmt":"2023-08-14T20:30:04","guid":{"rendered":"https:\/\/shivaplus.com\/?post_type=product&#038;p=46905"},"modified":"2025-08-09T12:48:19","modified_gmt":"2025-08-09T10:48:19","slug":"clatronic-bouilloire-electrique-wk-3691-17-l-2200-w-rose","status":"publish","type":"product","link":"https:\/\/shivaplus.com\/index.php\/produit\/clatronic-bouilloire-electrique-wk-3691-17-l-2200-w-rose\/","title":{"rendered":"Clatronic BOUILLOIRE \u00c9LECTRIQUE WK 3691-1,7 L 2200 W- ROSE"},"content":{"rendered":"<p><b>\u00a0BOUILLOIRE \u00c9LECTRIQUE WK 3691-1,7 L 2200 W-\u00a0 ROSE\u00a0<\/b>Cette bouilloire \u00e9lectrique r\u00e9tro de 1,7 L WK 3691 de la marque Clatronic vous permet de faire bouillir de l&rsquo;eau rapidement et en toute s\u00e9curit\u00e9 pour un caf\u00e9 \u00e9nergisant, un th\u00e9 apaisant ou une copieuse farine d&rsquo;avoine. Son filtre amovible est facile \u00e0 nettoyer et gardera votre eau fra\u00eeche et votre bouilloire sans calcaire. De plus, la bouilloire poss\u00e8de plusieurs caract\u00e9ristiques de s\u00e9curit\u00e9 qui la rendent plus pratique \u00e0 utiliser : protection contre l&rsquo;\u00e9vaporation \/ la surchauffe, arr\u00eat automatique \/ manuel, interrupteur marche \/ arr\u00eat \u00e9clair\u00e9 et 2 voyants de niveau d&rsquo;eau externes. La station de base avec rangement pour cordon ajoute \u00e0 la convivialit\u00e9 de la bouilloire.<\/p>\n","protected":false},"excerpt":{"rendered":"<p>\u00a0BOUILLOIRE \u00c9LECTRIQUE WK 3691-1,7 L 2200 W-\u00a0 ROSE\u00a0Cette bouilloire \u00e9lectrique r\u00e9tro de 1,7 L WK 3691 de la marque Clatronic vous permet de faire bouillir de l&rsquo;eau rapidement et en toute s\u00e9curit\u00e9 pour un caf\u00e9 \u00e9nergisant, un th\u00e9 apaisant ou une copieuse farine d&rsquo;avoine. Son filtre amovible est facile \u00e0 nettoyer et gardera votre eau [&hellip;]<\/p>\n","protected":false},"featured_media":46906,"comment_status":"open","ping_status":"closed","template":"","meta":[],"product_cat":[155],"product_tag":[],"_links":{"self":[{"href":"https:\/\/shivaplus.com\/index.php\/wp-json\/wp\/v2\/product\/46905"}],"collection":[{"href":"https:\/\/shivaplus.com\/index.php\/wp-json\/wp\/v2\/product"}],"about":[{"href":"https:\/\/shivaplus.com\/index.php\/wp-json\/wp\/v2\/types\/product"}],"replies":[{"embeddable":true,"href":"https:\/\/shivaplus.com\/index.php\/wp-json\/wp\/v2\/comments?post=46905"}],"version-history":[{"count":1,"href":"https:\/\/shivaplus.com\/index.php\/wp-json\/wp\/v2\/product\/46905\/revisions"}],"predecessor-version":[{"id":46907,"href":"https:\/\/shivaplus.com\/index.php\/wp-json\/wp\/v2\/product\/46905\/revisions\/46907"}],"wp:featuredmedia":[{"embeddable":true,"href":"https:\/\/shivaplus.com\/index.php\/wp-json\/wp\/v2\/media\/46906"}],"wp:attachment":[{"href":"https:\/\/shivaplus.com\/index.php\/wp-json\/wp\/v2\/media?parent=46905"}],"wp:term":[{"taxonomy":"product_cat","embeddable":true,"href":"https:\/\/shivaplus.com\/index.php\/wp-json\/wp\/v2\/product_cat?post=46905"},{"taxonomy":"product_tag","embeddable":true,"href":"https:\/\/shivaplus.com\/index.php\/wp-json\/wp\/v2\/product_tag?post=46905"}],"curies":[{"name":"wp","href":"https:\/\/api.w.org\/{rel}","templated":true}]}}