{"id":46902,"date":"2023-08-14T22:25:17","date_gmt":"2023-08-14T20:25:17","guid":{"rendered":"https:\/\/shivaplus.com\/?post_type=product&#038;p=46902"},"modified":"2023-08-14T22:25:17","modified_gmt":"2023-08-14T20:25:17","slug":"sutai-bouilloire-en-verre-de-18-litre-skt-1809-blanc-inox","status":"publish","type":"product","link":"https:\/\/shivaplus.com\/index.php\/produit\/sutai-bouilloire-en-verre-de-18-litre-skt-1809-blanc-inox\/","title":{"rendered":"SuTai Bouilloire En Verre De 1,8 Litre SKT-1809-Blanc-Inox"},"content":{"rendered":"<p><b>Bouilloire En Verre De 1,8 Litre SKT-1809-Blanc-Inox.<\/b><b><br \/>\n<\/b>Cette bouilloire vous facilitera la pr\u00e9paration de vos boissons solubles en vous r\u00e9chauffant l&rsquo;eau rapidement, Vous aurez juste \u00e0 la remplir au niveau souhait\u00e9 et la brancher puisque cette derni\u00e8re est \u00e9quip\u00e9e d&rsquo;un arr\u00eat automatique.<\/p>\n","protected":false},"excerpt":{"rendered":"<p>Bouilloire En Verre De 1,8 Litre SKT-1809-Blanc-Inox. Cette bouilloire vous facilitera la pr\u00e9paration de vos boissons solubles en vous r\u00e9chauffant l&rsquo;eau rapidement, Vous aurez juste \u00e0 la remplir au niveau souhait\u00e9 et la brancher puisque cette derni\u00e8re est \u00e9quip\u00e9e d&rsquo;un arr\u00eat automatique.<\/p>\n","protected":false},"featured_media":46903,"comment_status":"open","ping_status":"closed","template":"","meta":[],"product_cat":[155],"product_tag":[],"_links":{"self":[{"href":"https:\/\/shivaplus.com\/index.php\/wp-json\/wp\/v2\/product\/46902"}],"collection":[{"href":"https:\/\/shivaplus.com\/index.php\/wp-json\/wp\/v2\/product"}],"about":[{"href":"https:\/\/shivaplus.com\/index.php\/wp-json\/wp\/v2\/types\/product"}],"replies":[{"embeddable":true,"href":"https:\/\/shivaplus.com\/index.php\/wp-json\/wp\/v2\/comments?post=46902"}],"version-history":[{"count":1,"href":"https:\/\/shivaplus.com\/index.php\/wp-json\/wp\/v2\/product\/46902\/revisions"}],"predecessor-version":[{"id":46904,"href":"https:\/\/shivaplus.com\/index.php\/wp-json\/wp\/v2\/product\/46902\/revisions\/46904"}],"wp:featuredmedia":[{"embeddable":true,"href":"https:\/\/shivaplus.com\/index.php\/wp-json\/wp\/v2\/media\/46903"}],"wp:attachment":[{"href":"https:\/\/shivaplus.com\/index.php\/wp-json\/wp\/v2\/media?parent=46902"}],"wp:term":[{"taxonomy":"product_cat","embeddable":true,"href":"https:\/\/shivaplus.com\/index.php\/wp-json\/wp\/v2\/product_cat?post=46902"},{"taxonomy":"product_tag","embeddable":true,"href":"https:\/\/shivaplus.com\/index.php\/wp-json\/wp\/v2\/product_tag?post=46902"}],"curies":[{"name":"wp","href":"https:\/\/api.w.org\/{rel}","templated":true}]}}