{"id":46899,"date":"2023-08-14T22:20:32","date_gmt":"2023-08-14T20:20:32","guid":{"rendered":"https:\/\/shivaplus.com\/?post_type=product&#038;p=46899"},"modified":"2023-08-14T22:20:32","modified_gmt":"2023-08-14T20:20:32","slug":"moulin-a-cafe-epices-sayona-800w","status":"publish","type":"product","link":"https:\/\/shivaplus.com\/index.php\/produit\/moulin-a-cafe-epices-sayona-800w\/","title":{"rendered":"Moulin A Caf\u00e9 &#038; Epices Sayona 800W"},"content":{"rendered":"<p>La centrifugeuse 3 en 1 de SAYONA, est faite a base d\u2019acier inoxydable. elle vous permet de press\u00e9 vos fruits et l\u00e9gumes en quelques seconde, elle est \u00e9quip\u00e9e aussi d&rsquo;un Blender pour pr\u00e9parer vos soupes et smoothies, et elle aussi \u00e9quip\u00e9e d&rsquo;un moulin pour moudre vos grains de caf\u00e9. \u00e9pices et noix<\/p>\n","protected":false},"excerpt":{"rendered":"<p>La centrifugeuse 3 en 1 de SAYONA, est faite a base d\u2019acier inoxydable. elle vous permet de press\u00e9 vos fruits et l\u00e9gumes en quelques seconde, elle est \u00e9quip\u00e9e aussi d&rsquo;un Blender pour pr\u00e9parer vos soupes et smoothies, et elle aussi \u00e9quip\u00e9e d&rsquo;un moulin pour moudre vos grains de caf\u00e9. \u00e9pices et noix<\/p>\n","protected":false},"featured_media":46900,"comment_status":"open","ping_status":"closed","template":"","meta":[],"product_cat":[155],"product_tag":[],"_links":{"self":[{"href":"https:\/\/shivaplus.com\/index.php\/wp-json\/wp\/v2\/product\/46899"}],"collection":[{"href":"https:\/\/shivaplus.com\/index.php\/wp-json\/wp\/v2\/product"}],"about":[{"href":"https:\/\/shivaplus.com\/index.php\/wp-json\/wp\/v2\/types\/product"}],"replies":[{"embeddable":true,"href":"https:\/\/shivaplus.com\/index.php\/wp-json\/wp\/v2\/comments?post=46899"}],"version-history":[{"count":1,"href":"https:\/\/shivaplus.com\/index.php\/wp-json\/wp\/v2\/product\/46899\/revisions"}],"predecessor-version":[{"id":46901,"href":"https:\/\/shivaplus.com\/index.php\/wp-json\/wp\/v2\/product\/46899\/revisions\/46901"}],"wp:featuredmedia":[{"embeddable":true,"href":"https:\/\/shivaplus.com\/index.php\/wp-json\/wp\/v2\/media\/46900"}],"wp:attachment":[{"href":"https:\/\/shivaplus.com\/index.php\/wp-json\/wp\/v2\/media?parent=46899"}],"wp:term":[{"taxonomy":"product_cat","embeddable":true,"href":"https:\/\/shivaplus.com\/index.php\/wp-json\/wp\/v2\/product_cat?post=46899"},{"taxonomy":"product_tag","embeddable":true,"href":"https:\/\/shivaplus.com\/index.php\/wp-json\/wp\/v2\/product_tag?post=46899"}],"curies":[{"name":"wp","href":"https:\/\/api.w.org\/{rel}","templated":true}]}}