{"id":46896,"date":"2023-08-14T22:09:07","date_gmt":"2023-08-14T20:09:07","guid":{"rendered":"https:\/\/shivaplus.com\/?post_type=product&#038;p=46896"},"modified":"2023-08-14T22:09:07","modified_gmt":"2023-08-14T20:09:07","slug":"cafetiere-filtre-moulinex-fg370800-subito-1000-w-noir","status":"publish","type":"product","link":"https:\/\/shivaplus.com\/index.php\/produit\/cafetiere-filtre-moulinex-fg370800-subito-1000-w-noir\/","title":{"rendered":"Cafeti\u00e8re filtre Moulinex FG370800 Subito 1000 W Noir"},"content":{"rendered":"<p>Red\u00e9couvrez le plaisir du petit-d\u00e9jeuner !<\/p>\n<p>Red\u00e9couvrez le plaisir d&rsquo;un petit-d\u00e9jeuner avec la machine \u00e0 caf\u00e9 Subito Select !<\/p>\n<p>Subito Select est une cafeti\u00e8re filtre moderne en acier inoxydable noir, d&rsquo;une capacit\u00e9 de 10-15 tasses. Extr\u00eamement facile \u00e0 utiliser et \u00e0 nettoyer, cette cafeti\u00e8re est le secret d&rsquo;un petit-d\u00e9jeuner r\u00e9ussi, jour apr\u00e8s jour.<\/p>\n","protected":false},"excerpt":{"rendered":"<p>Red\u00e9couvrez le plaisir du petit-d\u00e9jeuner ! Red\u00e9couvrez le plaisir d&rsquo;un petit-d\u00e9jeuner avec la machine \u00e0 caf\u00e9 Subito Select ! Subito Select est une cafeti\u00e8re filtre moderne en acier inoxydable noir, d&rsquo;une capacit\u00e9 de 10-15 tasses. Extr\u00eamement facile \u00e0 utiliser et \u00e0 nettoyer, cette cafeti\u00e8re est le secret d&rsquo;un petit-d\u00e9jeuner r\u00e9ussi, jour apr\u00e8s jour.<\/p>\n","protected":false},"featured_media":46897,"comment_status":"open","ping_status":"closed","template":"","meta":[],"product_cat":[155],"product_tag":[],"_links":{"self":[{"href":"https:\/\/shivaplus.com\/index.php\/wp-json\/wp\/v2\/product\/46896"}],"collection":[{"href":"https:\/\/shivaplus.com\/index.php\/wp-json\/wp\/v2\/product"}],"about":[{"href":"https:\/\/shivaplus.com\/index.php\/wp-json\/wp\/v2\/types\/product"}],"replies":[{"embeddable":true,"href":"https:\/\/shivaplus.com\/index.php\/wp-json\/wp\/v2\/comments?post=46896"}],"version-history":[{"count":1,"href":"https:\/\/shivaplus.com\/index.php\/wp-json\/wp\/v2\/product\/46896\/revisions"}],"predecessor-version":[{"id":46898,"href":"https:\/\/shivaplus.com\/index.php\/wp-json\/wp\/v2\/product\/46896\/revisions\/46898"}],"wp:featuredmedia":[{"embeddable":true,"href":"https:\/\/shivaplus.com\/index.php\/wp-json\/wp\/v2\/media\/46897"}],"wp:attachment":[{"href":"https:\/\/shivaplus.com\/index.php\/wp-json\/wp\/v2\/media?parent=46896"}],"wp:term":[{"taxonomy":"product_cat","embeddable":true,"href":"https:\/\/shivaplus.com\/index.php\/wp-json\/wp\/v2\/product_cat?post=46896"},{"taxonomy":"product_tag","embeddable":true,"href":"https:\/\/shivaplus.com\/index.php\/wp-json\/wp\/v2\/product_tag?post=46896"}],"curies":[{"name":"wp","href":"https:\/\/api.w.org\/{rel}","templated":true}]}}