{"id":46893,"date":"2023-08-14T21:57:41","date_gmt":"2023-08-14T19:57:41","guid":{"rendered":"https:\/\/shivaplus.com\/?post_type=product&#038;p=46893"},"modified":"2023-08-14T21:57:42","modified_gmt":"2023-08-14T19:57:42","slug":"fer-a-repasser-moliax-1200w","status":"publish","type":"product","link":"https:\/\/shivaplus.com\/index.php\/produit\/fer-a-repasser-moliax-1200w\/","title":{"rendered":"Fer \u00e0 repasser Moliax 1200W"},"content":{"rendered":"<div class=\"woocommerce-product-details__short-description\">\n<p>Le fer \u00e0 repasser est un appareil m\u00e9nager essentiel.\u200e\u200e Porter des v\u00eatements rid\u00e9s est le moyen le plus rapide pour annoncer que vous ne faites pas attention aux d\u00e9tails.\u200e\u200e Et les gens qui ne font pas attention aux petits d\u00e9tails sont rarement d\u00e9sign\u00e9s pour g\u00e9rer des t\u00e2ches plus importantes.\u200e Ce fers \u00e0 repasser est l\u00e0 pour vous !<\/p>\n<\/div>\n<div class=\"mon-stock\"><\/div>\n<div class=\"product_meta\"><\/div>\n","protected":false},"excerpt":{"rendered":"<p>Le fer \u00e0 repasser est un appareil m\u00e9nager essentiel.\u200e\u200e Porter des v\u00eatements rid\u00e9s est le moyen le plus rapide pour annoncer que vous ne faites pas attention aux d\u00e9tails.\u200e\u200e Et les gens qui ne font pas attention aux petits d\u00e9tails sont rarement d\u00e9sign\u00e9s pour g\u00e9rer des t\u00e2ches plus importantes.\u200e Ce fers \u00e0 repasser est l\u00e0 [&hellip;]<\/p>\n","protected":false},"featured_media":46894,"comment_status":"open","ping_status":"closed","template":"","meta":[],"product_cat":[155],"product_tag":[],"_links":{"self":[{"href":"https:\/\/shivaplus.com\/index.php\/wp-json\/wp\/v2\/product\/46893"}],"collection":[{"href":"https:\/\/shivaplus.com\/index.php\/wp-json\/wp\/v2\/product"}],"about":[{"href":"https:\/\/shivaplus.com\/index.php\/wp-json\/wp\/v2\/types\/product"}],"replies":[{"embeddable":true,"href":"https:\/\/shivaplus.com\/index.php\/wp-json\/wp\/v2\/comments?post=46893"}],"version-history":[{"count":1,"href":"https:\/\/shivaplus.com\/index.php\/wp-json\/wp\/v2\/product\/46893\/revisions"}],"predecessor-version":[{"id":46895,"href":"https:\/\/shivaplus.com\/index.php\/wp-json\/wp\/v2\/product\/46893\/revisions\/46895"}],"wp:featuredmedia":[{"embeddable":true,"href":"https:\/\/shivaplus.com\/index.php\/wp-json\/wp\/v2\/media\/46894"}],"wp:attachment":[{"href":"https:\/\/shivaplus.com\/index.php\/wp-json\/wp\/v2\/media?parent=46893"}],"wp:term":[{"taxonomy":"product_cat","embeddable":true,"href":"https:\/\/shivaplus.com\/index.php\/wp-json\/wp\/v2\/product_cat?post=46893"},{"taxonomy":"product_tag","embeddable":true,"href":"https:\/\/shivaplus.com\/index.php\/wp-json\/wp\/v2\/product_tag?post=46893"}],"curies":[{"name":"wp","href":"https:\/\/api.w.org\/{rel}","templated":true}]}}